{"id":7970,"date":"2025-12-01T14:52:28","date_gmt":"2025-12-01T14:52:28","guid":{"rendered":"https:\/\/azoum.ca\/?page_id=7970"},"modified":"2025-12-01T15:37:03","modified_gmt":"2025-12-01T15:37:03","slug":"terms-conditions","status":"publish","type":"page","link":"https:\/\/azoum.ca\/fr\/terms-conditions\/","title":{"rendered":"Termes &amp; Conditions"},"content":{"rendered":"<div class=\"wpb-content-wrapper\"><div class=\"vc_row wpb_row vc_row-fluid\">\n                                        <div class=\"gf-row-inner gf-container container\">\n                        <div class=\"wpb_column vc_column_container vc_col-sm-12\"><div class=\"vc_column-inner\"><div class=\"wpb_wrapper\"><div class=\"g5plus-space space-69d046b18a1f0\" data-id=\"69d046b18a1f0\" data-tablet=\"70\" data-tablet-portrait=\"60\" data-mobile=\"40\" data-mobile-landscape=\"50\" style=\"clear: both; display: block; height: 90px\"><\/div><\/div><\/div><\/div>\t\t\t\t\t\t\t<\/div>\n\t\t\t\n\t\t<\/div>\n\t\t<div class=\"vc_row wpb_row vc_row-fluid\">\n                                        <div class=\"gf-row-inner gf-container container\">\n                        <div class=\"wpb_column vc_column_container vc_col-sm-12\"><div class=\"vc_column-inner\"><div class=\"wpb_wrapper\">\n\t<div class=\"wpb_text_column wpb_content_element\" >\n\t\t<div class=\"wpb_wrapper\">\n\t\t\t<h2 data-start=\"251\" data-end=\"305\"><strong data-start=\"253\" data-end=\"305\">Conditions g\u00e9n\u00e9rales \u2013 Azoum Investment Consulting<\/strong><\/h2>\n<p data-start=\"307\" data-end=\"338\"><strong data-start=\"307\" data-end=\"324\">Derni\u00e8re mise \u00e0 jour :<\/strong> 2025-12-01<\/p>\n<p data-start=\"340\" data-end=\"676\">Bienvenue chez <strong data-start=\"351\" data-end=\"382\">Azoum Investment Consulting<\/strong> (\u00ab Azoum \u00bb, \u00ab nous \u00bb, \u00ab notre \u00bb ou \u00ab nos \u00bb). Les pr\u00e9sentes conditions g\u00e9n\u00e9rales (\u00ab Conditions \u00bb) r\u00e9gissent votre acc\u00e8s et votre utilisation de notre site web, de nos services, de nos consultations, de nos rapports et de tout autre mat\u00e9riel fourni par nous (collectivement, les \u00ab Services \u00bb).<br data-start=\"600\" data-end=\"603\" \/>En acc\u00e9dant \u00e0 nos Services ou en les utilisant, vous acceptez d'\u00eatre li\u00e9 par les pr\u00e9sentes Conditions.<\/p>\n<p data-start=\"678\" data-end=\"765\">Si vous n'acceptez pas les pr\u00e9sentes Conditions, veuillez cesser imm\u00e9diatement d'utiliser nos Services.<\/p>\n<hr \/>\n<h3 data-start=\"772\" data-end=\"799\"><strong data-start=\"775\" data-end=\"799\">1. \u00c9tendue des services<\/strong><\/h3>\n<p data-start=\"800\" data-end=\"964\">Azoum Investment Consulting fournit des services de recherche financi\u00e8re, d'analyse de march\u00e9, de conseil en investissement strat\u00e9gique et des services de conseil connexes.<br data-start=\"937\" data-end=\"940\" \/>Nous ne fournissons <strong data-start=\"946\" data-end=\"953\">pas<\/strong> :<\/p>\n<ul data-start=\"965\" data-end=\"1108\">\n<li data-start=\"965\" data-end=\"1006\">\n<p data-start=\"967\" data-end=\"1006\">Services de courtage financier agr\u00e9\u00e9s<\/p>\n<\/li>\n<li data-start=\"1007\" data-end=\"1031\">\n<p data-start=\"1009\" data-end=\"1031\">Gestion de portefeuille<\/p>\n<\/li>\n<li data-start=\"1032\" data-end=\"1068\">\n<p data-start=\"1034\" data-end=\"1068\">Conseils juridiques, fiscaux ou comptables<\/p>\n<\/li>\n<li data-start=\"1069\" data-end=\"1108\">\n<p data-start=\"1071\" data-end=\"1108\">Garanties de performance financi\u00e8re<\/p>\n<\/li>\n<\/ul>\n<p data-start=\"1110\" data-end=\"1205\">Toutes les d\u00e9cisions prises sur la base de nos analyses ou de nos conseils rel\u00e8vent de la seule responsabilit\u00e9 du client.<\/p>\n<hr data-start=\"1207\" data-end=\"1210\" \/>\n<h3 data-start=\"1212\" data-end=\"1233\"><strong data-start=\"1215\" data-end=\"1233\">2. Admissibilit\u00e9<\/strong><\/h3>\n<p data-start=\"1234\" data-end=\"1273\">Vous ne pouvez utiliser nos Services que si vous :<\/p>\n<ul data-start=\"1274\" data-end=\"1434\">\n<li data-start=\"1274\" data-end=\"1303\">\n<p data-start=\"1276\" data-end=\"1303\">\u00cates \u00e2g\u00e9 d'au moins 18 ans ;<\/p>\n<\/li>\n<li data-start=\"1304\" data-end=\"1365\">\n<p data-start=\"1306\" data-end=\"1365\">Avez la capacit\u00e9 juridique de conclure un accord contraignant ;<\/p>\n<\/li>\n<li data-start=\"1366\" data-end=\"1434\">\n<p data-start=\"1368\" data-end=\"1434\">N'\u00eates pas interdit d'utiliser nos Services en vertu des lois applicables.<\/p>\n<\/li>\n<\/ul>\n<hr data-start=\"1436\" data-end=\"1439\" \/>\n<h3 data-start=\"1441\" data-end=\"1474\"><strong data-start=\"1444\" data-end=\"1474\">3. Aucune garantie financi\u00e8re<\/strong><\/h3>\n<p data-start=\"1475\" data-end=\"1702\">Les march\u00e9s d'investissement comportent des risques. Azoum fournit des analyses et des conseils bas\u00e9s sur les informations disponibles, mais <strong data-start=\"1581\" data-end=\"1645\">nous ne garantissons pas les profits, les performances ou les r\u00e9sultats futurs<\/strong>.<br data-start=\"1646\" data-end=\"1649\" \/>Les performances pass\u00e9es ne pr\u00e9jugent pas des r\u00e9sultats futurs.<\/p>\n<hr data-start=\"1704\" data-end=\"1707\" \/>\n<h3 data-start=\"1709\" data-end=\"1742\"><strong data-start=\"1712\" data-end=\"1742\">4. Responsabilit\u00e9s du client<\/strong><\/h3>\n<p data-start=\"1743\" data-end=\"1762\">Les clients s'engagent \u00e0 :<\/p>\n<ul data-start=\"1763\" data-end=\"1957\">\n<li data-start=\"1763\" data-end=\"1828\">\n<p data-start=\"1765\" data-end=\"1828\">Fournir des informations exactes, compl\u00e8tes et \u00e0 jour, selon les besoins.<\/p>\n<\/li>\n<li data-start=\"1829\" data-end=\"1883\">\n<p data-start=\"1831\" data-end=\"1883\">Utiliser nos informations de mani\u00e8re responsable et \u00e0 leurs propres risques.<\/p>\n<\/li>\n<li data-start=\"1884\" data-end=\"1957\">\n<p data-start=\"1886\" data-end=\"1957\">S'abstenir d'utiliser nos documents \u00e0 des fins ill\u00e9gales ou non autoris\u00e9es.<\/p>\n<\/li>\n<\/ul>\n<hr data-start=\"1959\" data-end=\"1962\" \/>\n<h3 data-start=\"1964\" data-end=\"1990\"><strong data-start=\"1967\" data-end=\"1990\">5. Honoraires et paiement<\/strong><\/h3>\n<p data-start=\"1991\" data-end=\"2087\">Les honoraires pour nos services de conseil seront communiqu\u00e9s avant le d\u00e9but de la mission.<br data-start=\"2065\" data-end=\"2068\" \/>Les clients s'engagent \u00e0 :<\/p>\n<ul data-start=\"2088\" data-end=\"2275\">\n<li data-start=\"2088\" data-end=\"2136\">\n<p data-start=\"2090\" data-end=\"2136\">Payer tous les honoraires conform\u00e9ment aux conditions convenues.<\/p>\n<\/li>\n<li data-start=\"2137\" data-end=\"2206\">\n<p data-start=\"2139\" data-end=\"2206\">Reconna\u00eetre que les honoraires ne sont pas remboursables, sauf indication contraire explicite.<\/p>\n<\/li>\n<li data-start=\"2207\" data-end=\"2275\">\n<p data-start=\"2209\" data-end=\"2275\">Prendre en charge les frais suppl\u00e9mentaires li\u00e9s aux retards de paiement, le cas \u00e9ch\u00e9ant.<\/p>\n<\/li>\n<\/ul>\n<hr data-start=\"2277\" data-end=\"2280\" \/>\n<h3 data-start=\"2282\" data-end=\"2307\"><strong data-start=\"2285\" data-end=\"2307\">6. Confidentialit\u00e9<\/strong><\/h3>\n<p data-start=\"2308\" data-end=\"2377\">Nous pr\u00e9servons la confidentialit\u00e9 de toutes les informations relatives \u00e0 nos clients, sauf dans les cas suivants :<\/p>\n<ul data-start=\"2378\" data-end=\"2535\">\n<li data-start=\"2378\" data-end=\"2411\">\n<p data-start=\"2380\" data-end=\"2411\">La divulgation est requise par la loi.<\/p>\n<\/li>\n<li data-start=\"2412\" data-end=\"2454\">\n<p data-start=\"2414\" data-end=\"2454\">Le client donne son autorisation \u00e9crite.<\/p>\n<\/li>\n<li data-start=\"2455\" data-end=\"2535\">\n<p data-start=\"2457\" data-end=\"2535\">Les informations sont d\u00e9j\u00e0 publiques ou deviennent publiques sans que cela soit de notre fait.<\/p>\n<\/li>\n<\/ul>\n<p data-start=\"2537\" data-end=\"2652\">Les clients doivent \u00e9galement pr\u00e9server la confidentialit\u00e9 des documents ou m\u00e9thodes exclusifs partag\u00e9s pendant la dur\u00e9e de la mission.<\/p>\n<hr data-start=\"2654\" data-end=\"2657\" \/>\n<h3 data-start=\"2659\" data-end=\"2690\"><strong data-start=\"2662\" data-end=\"2690\">7. Propri\u00e9t\u00e9 intellectuelle<\/strong><\/h3>\n<p data-start=\"2691\" data-end=\"2835\">Tous les rapports, analyses, documents, outils, contenus du site web et supports fournis par Azoum restent notre propri\u00e9t\u00e9 intellectuelle.<br \/>\nLes clients ne sont pas autoris\u00e9s \u00e0 :<\/p>\n<ul data-start=\"2836\" data-end=\"2913\">\n<li data-start=\"2836\" data-end=\"2849\">\n<p data-start=\"2838\" data-end=\"2849\">Reproduire<\/p>\n<\/li>\n<li data-start=\"2850\" data-end=\"2864\">\n<p data-start=\"2852\" data-end=\"2864\">Distribuer<\/p>\n<\/li>\n<li data-start=\"2865\" data-end=\"2873\">\n<p data-start=\"2867\" data-end=\"2873\">Vendre<\/p>\n<\/li>\n<li data-start=\"2874\" data-end=\"2913\">\n<p data-start=\"2876\" data-end=\"2913\">Modifier sans notre consentement \u00e9crit.<\/p>\n<\/li>\n<\/ul>\n<hr data-start=\"2915\" data-end=\"2918\" \/>\n<h3 data-start=\"2920\" data-end=\"2953\"><strong data-start=\"2923\" data-end=\"2953\">8. Limitation de responsabilit\u00e9<\/strong><\/h3>\n<p data-start=\"2954\" data-end=\"3024\">Dans toute la mesure permise par la loi, Azoum <strong data-start=\"3003\" data-end=\"3017\">n'est pas responsable<\/strong> :<\/p>\n<ul data-start=\"3025\" data-end=\"3184\">\n<li data-start=\"3025\" data-end=\"3080\">\n<p data-start=\"3027\" data-end=\"3080\">Des pertes ou dommages r\u00e9sultant de d\u00e9cisions d'investissement.<\/p>\n<\/li>\n<li data-start=\"3081\" data-end=\"3131\">\n<p data-start=\"3083\" data-end=\"3131\">Des dommages indirects, accessoires ou cons\u00e9cutifs.<\/p>\n<\/li>\n<li data-start=\"3132\" data-end=\"3184\">\n<p data-start=\"3134\" data-end=\"3184\">Des mesures prises sur la base de nos analyses ou de nos documents.<\/p>\n<\/li>\n<\/ul>\n<p data-start=\"3186\" data-end=\"3278\">Notre responsabilit\u00e9 totale ne saurait exc\u00e9der le montant pay\u00e9 par le client pour le service sp\u00e9cifique.<\/p>\n<hr data-start=\"3280\" data-end=\"3283\" \/>\n<h3 data-start=\"3285\" data-end=\"3318\"><strong data-start=\"3288\" data-end=\"3318\">9. Informations provenant de tiers<\/strong><\/h3>\n<p data-start=\"3319\" data-end=\"3470\">Nos rapports peuvent faire r\u00e9f\u00e9rence \u00e0 des donn\u00e9es provenant de sources tierces. Nous ne contr\u00f4lons ni ne garantissons l'exactitude, l'exhaustivit\u00e9 ou la fiabilit\u00e9 de ces informations.<\/p>\n<hr data-start=\"3472\" data-end=\"3475\" \/>\n<h3 data-start=\"3477\" data-end=\"3499\"><strong data-start=\"3480\" data-end=\"3499\">10. R\u00e9siliation<\/strong><\/h3>\n<p data-start=\"3500\" data-end=\"3526\">Nous nous r\u00e9servons le droit :<\/p>\n<ul data-start=\"3527\" data-end=\"3658\">\n<li data-start=\"3527\" data-end=\"3592\">\n<p data-start=\"3529\" data-end=\"3592\">De suspendre ou de r\u00e9silier l'acc\u00e8s \u00e0 nos Services \u00e0 notre discr\u00e9tion.<\/p>\n<\/li>\n<li data-start=\"3593\" data-end=\"3658\">\n<p data-start=\"3595\" data-end=\"3658\">De refuser de fournir nos services \u00e0 tout client pour toute raison autoris\u00e9e par la loi.<\/p>\n<\/li>\n<\/ul>\n<p data-start=\"3660\" data-end=\"3767\">Les clients peuvent r\u00e9silier leur contrat par notification \u00e9crite, sous r\u00e9serve du paiement des services d\u00e9j\u00e0 fournis.<\/p>\n<hr data-start=\"3769\" data-end=\"3772\" \/>\n<h3 data-start=\"3774\" data-end=\"3798\"><strong data-start=\"3777\" data-end=\"3798\">11. Loi applicable<\/strong><\/h3>\n<p data-start=\"3799\" data-end=\"3982\">Les pr\u00e9sentes conditions sont r\u00e9gies et interpr\u00e9t\u00e9es conform\u00e9ment aux lois du <strong data-start=\"3878\" data-end=\"3904\">Canada<\/strong>.<br data-start=\"3905\" data-end=\"3908\" \/>Tout litige sera tranch\u00e9 par les tribunaux du <strong data-start=\"3956\" data-end=\"3981\">Canada<\/strong>.<\/p>\n<hr data-start=\"3984\" data-end=\"3987\" \/>\n<h3 data-start=\"3989\" data-end=\"4019\"><strong data-start=\"3992\" data-end=\"4019\">12. Modifications des Conditions<\/strong><\/h3>\n<p data-start=\"4020\" data-end=\"4135\">Nous pouvons mettre \u00e0 jour les pr\u00e9sentes Conditions \u00e0 tout moment. En continuant \u00e0 utiliser nos Services, vous acceptez les Conditions r\u00e9vis\u00e9es.<\/p>\n<hr data-start=\"4137\" data-end=\"4140\" \/>\n<h3 data-start=\"4142\" data-end=\"4172\"><strong data-start=\"4145\" data-end=\"4172\">13. Coordonn\u00e9es<\/strong><\/h3>\n<p data-start=\"4173\" data-end=\"4348\">Pour toute question concernant les pr\u00e9sentes conditions, veuillez nous contacter \u00e0 l'adresse suivante :<br data-start=\"4231\" data-end=\"4234\" \/><strong data-start=\"4234\" data-end=\"4265\">Azoum Investment Consulting<\/strong><br data-start=\"4265\" data-end=\"4268\" \/>Courriel : info@azoum.ca<br data-start=\"4289\" data-end=\"4292\" \/>Adresse : 1901, avenue Banff, Ottawa (Ontario) K1V 7W9<\/p>\n\n\t\t<\/div>\n\t<\/div>\n<\/div><\/div><\/div>\t\t\t\t\t\t\t<\/div>\n\t\t\t\n\t\t<\/div>\n\t\t<div class=\"vc_row wpb_row vc_row-fluid\">\n                                        <div class=\"gf-row-inner gf-container container\">\n                        <div class=\"wpb_column vc_column_container vc_col-sm-12\"><div class=\"vc_column-inner\"><div class=\"wpb_wrapper\"><div class=\"g5plus-space space-69d046b18b01e\" data-id=\"69d046b18b01e\" data-tablet=\"70\" data-tablet-portrait=\"60\" data-mobile=\"40\" data-mobile-landscape=\"50\" style=\"clear: both; display: block; height: 90px\"><\/div><\/div><\/div><\/div>\t\t\t\t\t\t\t<\/div>\n\t\t\t\n\t\t<\/div>\n<\/div>","protected":false},"excerpt":{"rendered":"Terms &amp; Conditions \u2013 Azoum Investment Consulting Last Updated: 2025-12-01 Welcome to Azoum Investment Consulting (\u201cAzoum\u201d, \u201cwe\u201d, \u201cour\u201d, or \u201cus\u201d). These Terms &amp; Conditions (\u201cTerms\u201d) govern your access to and use of our website, services, consultations, reports, and any other material provided by us (collectively, the \u201cServices\u201d).By accessing or using our Services, you agree to [...]","protected":false},"author":2,"featured_media":0,"parent":0,"menu_order":0,"comment_status":"closed","ping_status":"closed","template":"","meta":{"footnotes":""},"class_list":["post-7970","page","type-page","status-publish","hentry"],"_links":{"self":[{"href":"https:\/\/azoum.ca\/fr\/wp-json\/wp\/v2\/pages\/7970","targetHints":{"allow":["GET"]}}],"collection":[{"href":"https:\/\/azoum.ca\/fr\/wp-json\/wp\/v2\/pages"}],"about":[{"href":"https:\/\/azoum.ca\/fr\/wp-json\/wp\/v2\/types\/page"}],"author":[{"embeddable":true,"href":"https:\/\/azoum.ca\/fr\/wp-json\/wp\/v2\/users\/2"}],"replies":[{"embeddable":true,"href":"https:\/\/azoum.ca\/fr\/wp-json\/wp\/v2\/comments?post=7970"}],"version-history":[{"count":6,"href":"https:\/\/azoum.ca\/fr\/wp-json\/wp\/v2\/pages\/7970\/revisions"}],"predecessor-version":[{"id":7983,"href":"https:\/\/azoum.ca\/fr\/wp-json\/wp\/v2\/pages\/7970\/revisions\/7983"}],"wp:attachment":[{"href":"https:\/\/azoum.ca\/fr\/wp-json\/wp\/v2\/media?parent=7970"}],"curies":[{"name":"wp","href":"https:\/\/api.w.org\/{rel}","templated":true}]}}