{"id":7829,"date":"2025-11-24T08:52:37","date_gmt":"2025-11-24T08:52:37","guid":{"rendered":"https:\/\/azoum.ca\/?page_id=7829"},"modified":"2025-11-24T15:38:40","modified_gmt":"2025-11-24T15:38:40","slug":"about-us","status":"publish","type":"page","link":"https:\/\/azoum.ca\/fr\/about-us\/","title":{"rendered":"\u00c0 propos"},"content":{"rendered":"<div class=\"wpb-content-wrapper\"><div class=\"vc_row wpb_row vc_row-fluid vc_row-o-equal-height vc_row-flex\">\n                                        <div class=\"gf-row-inner gf-container container\">\n                        <div class=\"wpb_column vc_column_container vc_col-sm-12\"><div class=\"vc_column-inner\"><div class=\"wpb_wrapper\"><div class=\"g5plus-space space-69d05faa6f9b9\" data-id=\"69d05faa6f9b9\" data-tablet=\"100\" data-tablet-portrait=\"80\" data-mobile=\"60\" data-mobile-landscape=\"70\" style=\"clear: both; display: block; height: 120px\"><\/div>\n\t<div class=\"wpb_text_column wpb_content_element\" >\n\t\t<div class=\"wpb_wrapper\">\n\t\t\t<h2 style=\"text-align: center;\">VOTRE PARTENAIRE DANS LE D\u00c9VELOPPEMENT COMMERCIAL \u00c0 L'INTERNATIONAL !<\/h2>\n<p>Azoum Investment Consulting est une soci\u00e9t\u00e9 de conseil aux entreprises qui se concentre sur la fourniture de services sp\u00e9cialis\u00e9s aux march\u00e9s mondiaux dans le domaine des processus d'ing\u00e9nierie commerciale.<\/p>\n\n\t\t<\/div>\n\t<\/div>\n<div class=\"g5plus-space space-69d05faa6fcb0\" data-id=\"69d05faa6fcb0\" data-tablet=\"70\" data-tablet-portrait=\"60\" data-mobile=\"50\" data-mobile-landscape=\"50\" style=\"clear: both; display: block; height: 90px\"><\/div><\/div><\/div><\/div>\t\t\t\t\t\t\t<\/div>\n\t\t\t\n\t\t<\/div>\n\t\t<div class=\"vc_row wpb_row vc_row-fluid\">\n                                        <div class=\"gf-row-inner gf-container container\">\n                        <div class=\"wpb_column vc_column_container vc_col-sm-3\"><div class=\"vc_column-inner vc_custom_1763998708472\"><div class=\"wpb_wrapper\"><div class=\"gsf-info-box ib-left clearfix icon-align-top icon-classic ib-large vc_custom_1763998713597 info-box-69d05faa70153\">\n    <div class=\"ib-content-wrap\">\n                    <div class=\"ib-shape\">\n                <div class=\"ib-shape-inner\">\n                                            <a href=\"#\" class=\"transition03 gsf-link\">\n                                                    <\/a>\n                                    <\/div>\n            <\/div>\n                            <div class=\"ib-content\">\n                                            <div class=\"info-box-des\">\n                            <p><img loading=\"lazy\" decoding=\"async\" class=\"wp-image-7848 aligncenter\" src=\"https:\/\/azoum.ca\/wp-content\/uploads\/2025\/11\/024-global.png\" alt=\"globe icon\" width=\"132\" height=\"132\" \/><\/p>\n                        <\/div>\n                                    <\/div>\n                        <\/div>\n    <\/div>\n<\/div><\/div><\/div><div class=\"wpb_column vc_column_container vc_col-sm-3\"><div class=\"vc_column-inner\"><div class=\"wpb_wrapper\">\n\t<div class=\"wpb_text_column wpb_content_element\" >\n\t\t<div class=\"wpb_wrapper\">\n\t\t\t<p>Chez Azoum Investment Consulting, nous utilisons des solutions pratiques de d\u00e9veloppement commercial strat\u00e9gique et de marketing innovant pour aider nos clients \u00e0 atteindre leurs objectifs commerciaux tant dans leur pays qu'\u00e0 l'\u00e9chelle mondiale.<\/p>\n\n\t\t<\/div>\n\t<\/div>\n<\/div><\/div><\/div><div class=\"wpb_column vc_column_container vc_col-sm-3\"><div class=\"vc_column-inner\"><div class=\"wpb_wrapper\"><div class=\"gsf-info-box ib-left clearfix icon-align-top icon-classic ib-large info-box-69d05faa70795\">\n    <div class=\"ib-content-wrap\">\n                    <div class=\"ib-shape\">\n                <div class=\"ib-shape-inner\">\n                                            <a href=\"#\" class=\"transition03 gsf-link\">\n                                                    <\/a>\n                                    <\/div>\n            <\/div>\n                            <div class=\"ib-content\">\n                                            <div class=\"info-box-des\">\n                            <p><img loading=\"lazy\" decoding=\"async\" class=\"wp-image-7868 size-full aligncenter\" src=\"https:\/\/azoum.ca\/wp-content\/uploads\/2025\/11\/010-worldwide.png\" alt=\"\" width=\"118\" height=\"118\" \/><\/p>\n                        <\/div>\n                                    <\/div>\n                        <\/div>\n    <\/div>\n<\/div><\/div><\/div><div class=\"wpb_column vc_column_container vc_col-sm-3\"><div class=\"vc_column-inner\"><div class=\"wpb_wrapper\">\n\t<div class=\"wpb_text_column wpb_content_element\" >\n\t\t<div class=\"wpb_wrapper\">\n\t\t\t<p>Notre perspective mondiale et nos connaissances et comp\u00e9tences vari\u00e9es en mati\u00e8re de strat\u00e9gies commerciales multinationales nous conf\u00e8rent un avantage unique pour fournir des services professionnels \u00e0 des entreprises issues d'un large \u00e9ventail de secteurs.<\/p>\n\n\t\t<\/div>\n\t<\/div>\n<\/div><\/div><\/div>\t\t\t\t\t\t\t<\/div>\n\t\t\t\n\t\t<\/div>\n\t\t<div class=\"vc_row wpb_row vc_row-fluid\">\n                                        <div class=\"gf-row-inner gf-container container\">\n                        <div class=\"wpb_column vc_column_container vc_col-sm-12\"><div class=\"vc_column-inner\"><div class=\"wpb_wrapper\"><div class=\"g5plus-space space-69d05faa70fac\" data-id=\"69d05faa70fac\" data-tablet=\"100\" data-tablet-portrait=\"80\" data-mobile=\"60\" data-mobile-landscape=\"70\" style=\"clear: both; display: block; height: 120px\"><\/div><\/div><\/div><\/div>\t\t\t\t\t\t\t<\/div>\n\t\t\t\n\t\t<\/div>\n\t\t<div class=\"vc_row wpb_row vc_row-fluid vc_custom_1763973500125 vc_row-has-fill gf-skin skin-dark\">\n                                        <div class=\"gf-row-inner gf-container container\">\n                        <div class=\"wpb_column vc_column_container vc_col-sm-12\"><div class=\"vc_column-inner\"><div class=\"wpb_wrapper\"><div class=\"g5plus-space space-69d05faa713ab\" data-id=\"69d05faa713ab\" data-tablet=\"100\" data-tablet-portrait=\"90\" data-mobile=\"70\" data-mobile-landscape=\"80\" style=\"clear: both; display: block; height: 120px\"><\/div><\/div><\/div><\/div><div class=\"wpb_column vc_column_container vc_col-sm-6\"><div class=\"vc_column-inner\"><div class=\"wpb_wrapper\">\n\t<div class=\"wpb_text_column wpb_content_element vc_custom_1763998573346 mg-bottom-0\" >\n\t\t<div class=\"wpb_wrapper\">\n\t\t\t<h2 class=\"p1\">NOS VALEURS<\/h2>\n<ul>\n<li class=\"p1\"><span style=\"color: #ffffff;\">Confidentialit\u00e9<\/span><\/li>\n<li class=\"p1\"><span style=\"color: #ffffff;\">Professionnalisme<\/span><\/li>\n<li class=\"p1\"><span style=\"color: #ffffff;\">Excellence<\/span><\/li>\n<li class=\"p1\"><span style=\"color: #ffffff;\">Flexibilit\u00e9<\/span><\/li>\n<li class=\"p1\"><span style=\"color: #ffffff;\">Fiabilit\u00e9<\/span><\/li>\n<\/ul>\n\n\t\t<\/div>\n\t<\/div>\n\n\t<div class=\"wpb_text_column wpb_content_element\" >\n\t\t<div class=\"wpb_wrapper\">\n\t\t\t\n\t\t<\/div>\n\t<\/div>\n<\/div><\/div><\/div><div class=\"wpb_column vc_column_container vc_col-sm-6\"><div class=\"vc_column-inner\"><div class=\"wpb_wrapper\">\n\t<div  class=\"wpb_single_image wpb_content_element vc_align_left wpb_content_element\">\n\t\t\n\t\t<figure class=\"wpb_wrapper vc_figure\">\n\t\t\t<div class=\"vc_single_image-wrapper   vc_box_border_grey\"><img loading=\"lazy\" decoding=\"async\" width=\"814\" height=\"531\" src=\"https:\/\/azoum.ca\/wp-content\/uploads\/2025\/11\/Scroll-Group-2.png\" class=\"vc_single_image-img attachment-full\" alt=\"hand locks\" title=\"hands lock\" srcset=\"https:\/\/azoum.ca\/wp-content\/uploads\/2025\/11\/Scroll-Group-2.png 814w, https:\/\/azoum.ca\/wp-content\/uploads\/2025\/11\/Scroll-Group-2-300x196.png 300w, https:\/\/azoum.ca\/wp-content\/uploads\/2025\/11\/Scroll-Group-2-768x501.png 768w\" sizes=\"auto, (max-width: 814px) 100vw, 814px\" \/><\/div>\n\t\t<\/figure>\n\t<\/div>\n<\/div><\/div><\/div><div class=\"wpb_column vc_column_container vc_col-sm-12\"><div class=\"vc_column-inner\"><div class=\"wpb_wrapper\"><div class=\"g5plus-space space-69d05faa71fa3\" data-id=\"69d05faa71fa3\" data-tablet=\"100\" data-tablet-portrait=\"90\" data-mobile=\"70\" data-mobile-landscape=\"80\" style=\"clear: both; display: block; height: 120px\"><\/div><\/div><\/div><\/div>\t\t\t\t\t\t\t<\/div>\n\t\t\t\n\t\t<\/div>\n\t\t<div class=\"vc_row wpb_row vc_row-fluid vc_custom_1763992908212 vc_row-has-fill vc_row-o-content-middle vc_row-flex gf-skin skin-light\">\n                                        <div class=\"gf-row-inner gf-container container\">\n                        <div class=\"wpb_column vc_column_container vc_col-sm-12\"><div class=\"vc_column-inner\"><div class=\"wpb_wrapper\"><div class=\"g5plus-space space-69d05faa723ca\" data-id=\"69d05faa723ca\" data-tablet=\"55\" data-tablet-portrait=\"40\" data-mobile=\"40\" data-mobile-landscape=\"45\" style=\"clear: both; display: block; height: 63px\"><\/div><\/div><\/div><\/div><div class=\"wpb_column vc_column_container vc_col-sm-6\"><div class=\"vc_column-inner\"><div class=\"wpb_wrapper\">\n\t<div class=\"wpb_text_column wpb_content_element vc_custom_1763974253093\" >\n\t\t<div class=\"wpb_wrapper\">\n\t\t\t<h2 style=\"text-align: center;\"><span style=\"color: #000000;\">NOTRE VISION<\/span><\/h2>\n<p style=\"text-align: center;\"><span style=\"color: #000000;\">\u00catre un leader mondial dans la fourniture de solutions commerciales strat\u00e9giques aux entreprises du monde entier.<\/span><\/p>\n\n\t\t<\/div>\n\t<\/div>\n<\/div><\/div><\/div><div class=\"wpb_column vc_column_container vc_col-sm-6\"><div class=\"vc_column-inner\"><div class=\"wpb_wrapper\">\n\t<div class=\"wpb_text_column wpb_content_element vc_custom_1763974317221\" >\n\t\t<div class=\"wpb_wrapper\">\n\t\t\t<h2 style=\"text-align: center;\"><span style=\"color: #000000;\">NOTRE MISSION\u00a0<\/span><\/h2>\n<p style=\"text-align: center;\"><span style=\"color: #000000;\">Notre mission consiste \u00e0 fournir des solutions commerciales de classe mondiale \u00e0 l'\u00e9chelle internationale gr\u00e2ce \u00e0 des services professionnels et efficaces.<\/span><\/p>\n\n\t\t<\/div>\n\t<\/div>\n<\/div><\/div><\/div><div class=\"wpb_column vc_column_container vc_col-sm-12\"><div class=\"vc_column-inner\"><div class=\"wpb_wrapper\"><div class=\"g5plus-space space-69d05faa729c1\" data-id=\"69d05faa729c1\" data-tablet=\"55\" data-tablet-portrait=\"40\" data-mobile=\"40\" data-mobile-landscape=\"45\" style=\"clear: both; display: block; height: 63px\"><\/div><\/div><\/div><\/div>\t\t\t\t\t\t\t<\/div>\n\t\t\t\n\t\t<\/div>\n<\/div>","protected":false},"excerpt":{"rendered":"YOUR PARTNER IN GLOBAL BUSINESS DEVELOPMENT! Azoum investment consulting is a business consulting firm focused on providing specialized services to global markets across the business engineering processes. At Azoum investment consulting, we employ practical strategic business development and innovative marketing solutions to help our clients meet their business objectives in both their individual countries and [...]","protected":false},"author":4,"featured_media":0,"parent":0,"menu_order":0,"comment_status":"closed","ping_status":"closed","template":"","meta":{"footnotes":""},"class_list":["post-7829","page","type-page","status-publish","hentry"],"_links":{"self":[{"href":"https:\/\/azoum.ca\/fr\/wp-json\/wp\/v2\/pages\/7829","targetHints":{"allow":["GET"]}}],"collection":[{"href":"https:\/\/azoum.ca\/fr\/wp-json\/wp\/v2\/pages"}],"about":[{"href":"https:\/\/azoum.ca\/fr\/wp-json\/wp\/v2\/types\/page"}],"author":[{"embeddable":true,"href":"https:\/\/azoum.ca\/fr\/wp-json\/wp\/v2\/users\/4"}],"replies":[{"embeddable":true,"href":"https:\/\/azoum.ca\/fr\/wp-json\/wp\/v2\/comments?post=7829"}],"version-history":[{"count":85,"href":"https:\/\/azoum.ca\/fr\/wp-json\/wp\/v2\/pages\/7829\/revisions"}],"predecessor-version":[{"id":7938,"href":"https:\/\/azoum.ca\/fr\/wp-json\/wp\/v2\/pages\/7829\/revisions\/7938"}],"wp:attachment":[{"href":"https:\/\/azoum.ca\/fr\/wp-json\/wp\/v2\/media?parent=7829"}],"curies":[{"name":"wp","href":"https:\/\/api.w.org\/{rel}","templated":true}]}}