{"id":7684,"date":"2025-11-17T16:40:41","date_gmt":"2025-11-17T16:40:41","guid":{"rendered":"https:\/\/azoum.ca\/?page_id=7684"},"modified":"2025-12-02T21:44:37","modified_gmt":"2025-12-02T21:44:37","slug":"consulting-services","status":"publish","type":"page","link":"https:\/\/azoum.ca\/fr\/services\/consulting-services\/","title":{"rendered":"Services de conseil"},"content":{"rendered":"<div class=\"wpb-content-wrapper\"><div class=\"vc_row wpb_row vc_row-fluid\">\n                                        <div class=\"gf-row-inner gf-container container\">\n                        <div class=\"wpb_column vc_column_container vc_col-sm-12\"><div class=\"vc_column-inner\"><div class=\"wpb_wrapper\"><div class=\"g5plus-space space-69d05e8f10918\" data-id=\"69d05e8f10918\" data-tablet=\"100\" data-tablet-portrait=\"80\" data-mobile=\"60\" data-mobile-landscape=\"70\" style=\"clear: both; display: block; height: 120px\"><\/div>    <div class=\"gf-heading gf-heading-style-3\">\n        <div class=\"gf-heading-inner gf-heading-69d05e8f10a82 text-left justify-content-start\">\n                                                        <h4 class=\"heading-title\">NOUS AIDONS LES ENTREPRISES \u00c0 SE D\u00c9VELOPPER ET \u00c0 S'EXPANDRE AU-DEL\u00c0 DE LEURS FRONTI\u00c8RES !<\/h4>\n                    <\/div>\n    <\/div>\n<div class=\"g5plus-space space-69d05e8f10dfe\" data-id=\"69d05e8f10dfe\" data-tablet=\"100\" data-tablet-portrait=\"80\" data-mobile=\"50\" data-mobile-landscape=\"60\" style=\"clear: both; display: block; height: 120px\"><\/div><\/div><\/div><\/div>\t\t\t\t\t\t\t<\/div>\n\t\t\t\n\t\t<\/div>\n\t\t<div class=\"vc_row wpb_row vc_row-fluid\">\n                                        <div class=\"gf-row-inner gf-container container\">\n                        <div class=\"wpb_column vc_column_container vc_col-sm-4\"><div class=\"vc_column-inner\"><div class=\"wpb_wrapper\"><div class=\"gsf-info-box ib-left-inline clearfix icon-float-on-circle ib-medium info-box-nav-right info-box-69d05e8f113b8\">\n    <div class=\"ib-content-wrap\">\n                                    <div class=\"ib-content\">\n                    <div class=\"ib-content-top\">\n                        <div class=\"ib-shape\">\n                            <div class=\"ib-shape-inner\">\n                                <i class=\"fa fa-user-o\"><\/i>                            <\/div>\n                        <\/div>\n                                                        <h4 class=\"info-box-title\">Attirer les investissements \u00e9trangers<\/h4>\n                                                <\/div>\n                                            <div class=\"info-box-des\">\n                            <p class=\"p1\"><em>Nous aidons les entreprises \u00e0 prendre des d\u00e9cisions cruciales en mati\u00e8re d'investissement, telles que d\u00e9terminer les investisseurs cibles appropri\u00e9s et d\u00e9velopper les produits adapt\u00e9s aux march\u00e9s mondiaux qui pr\u00e9senteront un int\u00e9r\u00eat commercial pour les investisseurs.<\/em><\/p>\n                        <\/div>\n                                    <\/div>\n                        <\/div>\n    <\/div>\n<div class=\"g5plus-space space-69d05e8f117c3\" data-id=\"69d05e8f117c3\" data-tablet=\"60\" data-tablet-portrait=\"55\" data-mobile=\"50\" data-mobile-landscape=\"50\" style=\"clear: both; display: block; height: 70px\"><\/div><\/div><\/div><\/div><div class=\"wpb_column vc_column_container vc_col-sm-4\"><div class=\"vc_column-inner\"><div class=\"wpb_wrapper\"><div class=\"gsf-info-box ib-left-inline clearfix icon-float-on-circle ib-medium info-box-nav-right info-box-69d05e8f11a8b\">\n    <div class=\"ib-content-wrap\">\n                                    <div class=\"ib-content\">\n                    <div class=\"ib-content-top\">\n                        <div class=\"ib-shape\">\n                            <div class=\"ib-shape-inner\">\n                                <i class=\"ti-pulse\"><\/i>                            <\/div>\n                        <\/div>\n                                                        <h4 class=\"info-box-title\">Informations sur les march\u00e9s internationaux<\/h4>\n                                                <\/div>\n                                            <div class=\"info-box-des\">\n                            <p class=\"p1\"><em>Nous r\u00e9alisons des analyses des march\u00e9s internationaux dans les domaines suivants : g\u00e9opolitique, risques et d\u00e9cisions, opportunit\u00e9s, \u00e9tudes de march\u00e9, \u00e9tudes de produits, calendrier des investissements. Nos analyses couvrent les aspects politiques, \u00e9conomiques, sociaux, technologiques, environnementaux et juridiques des pays cibles.<\/em><\/p>\n                        <\/div>\n                                    <\/div>\n                        <\/div>\n    <\/div>\n<div class=\"g5plus-space space-69d05e8f11e7d\" data-id=\"69d05e8f11e7d\" data-tablet=\"60\" data-tablet-portrait=\"55\" data-mobile=\"50\" data-mobile-landscape=\"50\" style=\"clear: both; display: block; height: 70px\"><\/div><\/div><\/div><\/div><div class=\"wpb_column vc_column_container vc_col-sm-4\"><div class=\"vc_column-inner\"><div class=\"wpb_wrapper\"><div class=\"gsf-info-box ib-left-inline clearfix icon-float-on-circle ib-medium info-box-nav-right info-box-69d05e8f12157\">\n    <div class=\"ib-content-wrap\">\n                                    <div class=\"ib-content\">\n                    <div class=\"ib-content-top\">\n                        <div class=\"ib-shape\">\n                            <div class=\"ib-shape-inner\">\n                                <i class=\"ti-harddrives\"><\/i>                            <\/div>\n                        <\/div>\n                                                        <h4 class=\"info-box-title\">Conseils commerciaux aux entreprises<\/h4>\n                                                <\/div>\n                                            <div class=\"info-box-des\">\n                            <p class=\"p1\"><em>Azoum Investments fournit des services de gestion d'entreprise, d'audit organisationnel, de recrutement pour le compte du client, de gestion de crise, de finance, de conseil en investissement et de conseil aux entreprises.<\/em><\/p>\n                        <\/div>\n                                    <\/div>\n                        <\/div>\n    <\/div>\n<div class=\"g5plus-space space-69d05e8f1253a\" data-id=\"69d05e8f1253a\" data-tablet=\"60\" data-tablet-portrait=\"55\" data-mobile=\"50\" data-mobile-landscape=\"50\" style=\"clear: both; display: block; height: 70px\"><\/div><\/div><\/div><\/div>\t\t\t\t\t\t\t<\/div>\n\t\t\t\n\t\t<\/div>\n\t\t<div class=\"vc_row wpb_row vc_row-fluid\">\n                                        <div class=\"gf-row-inner gf-container container\">\n                        <div class=\"wpb_column vc_column_container vc_col-sm-4\"><div class=\"vc_column-inner\"><div class=\"wpb_wrapper\"><div class=\"gsf-info-box ib-left-inline clearfix icon-float-on-circle ib-medium info-box-nav-right info-box-69d05e8f129b2\">\n    <div class=\"ib-content-wrap\">\n                                    <div class=\"ib-content\">\n                    <div class=\"ib-content-top\">\n                        <div class=\"ib-shape\">\n                            <div class=\"ib-shape-inner\">\n                                <i class=\"fa fa-cogs\"><\/i>                            <\/div>\n                        <\/div>\n                                                        <h4 class=\"info-box-title\">Mise en \u0153uvre des engagements \u00e0 l'\u00e9tranger Organisation<\/h4>\n                                                <\/div>\n                                            <div class=\"info-box-des\">\n                            <p class=\"p1\"><em>Nous organisons des missions commerciales au niveau local et \u00e0 travers le monde afin d'\u00e9valuer la viabilit\u00e9 d'un investissement commercial, le d\u00e9veloppement d'un produit ou d'un service, ou simplement pour prospecter au nom d'un client.<\/em><\/p>\n                        <\/div>\n                                    <\/div>\n                        <\/div>\n    <\/div>\n<div class=\"g5plus-space space-69d05e8f12d97\" data-id=\"69d05e8f12d97\" data-tablet=\"60\" data-tablet-portrait=\"55\" data-mobile=\"50\" data-mobile-landscape=\"50\" style=\"clear: both; display: block; height: 70px\"><\/div><\/div><\/div><\/div><div class=\"wpb_column vc_column_container vc_col-sm-4\"><div class=\"vc_column-inner\"><div class=\"wpb_wrapper\"><div class=\"gsf-info-box ib-left-inline clearfix icon-float-on-circle ib-medium info-box-nav-right info-box-69d05e8f13052\">\n    <div class=\"ib-content-wrap\">\n                                    <div class=\"ib-content\">\n                    <div class=\"ib-content-top\">\n                        <div class=\"ib-shape\">\n                            <div class=\"ib-shape-inner\">\n                                <i class=\"ti-bar-chart-alt\"><\/i>                            <\/div>\n                        <\/div>\n                                                        <h4 class=\"info-box-title\">\u00c9tudes diagnostiques<\/h4>\n                                                <\/div>\n                                            <div class=\"info-box-des\">\n                            <p class=\"p1\"><em>Votre entreprise est-elle confront\u00e9e \u00e0 des d\u00e9fis li\u00e9s \u00e0 sa croissance ? Vos objectifs strat\u00e9giques ne sont-ils pas atteints ? Azoum Investments intervient pour vous aider \u00e0 identifier la cause d'un \u00e9chec, le probl\u00e8me fondamental au sein de l'organisation ou de l'entreprise, \u00e0 restructurer l'organisation et \u00e0 \u00e9laborer une feuille de route pour un redressement rapide.<\/em><\/p>\n                        <\/div>\n                                    <\/div>\n                        <\/div>\n    <\/div>\n<div class=\"g5plus-space space-69d05e8f1343a\" data-id=\"69d05e8f1343a\" data-tablet=\"60\" data-tablet-portrait=\"55\" data-mobile=\"50\" data-mobile-landscape=\"50\" style=\"clear: both; display: block; height: 70px\"><\/div><\/div><\/div><\/div><div class=\"wpb_column vc_column_container vc_col-sm-4\"><div class=\"vc_column-inner\"><div class=\"wpb_wrapper\"><div class=\"gsf-info-box ib-left-inline clearfix icon-float-on-circle ib-medium info-box-nav-right info-box-69d05e8f136fa\">\n    <div class=\"ib-content-wrap\">\n                                    <div class=\"ib-content\">\n                    <div class=\"ib-content-top\">\n                        <div class=\"ib-shape\">\n                            <div class=\"ib-shape-inner\">\n                                <i class=\"fa fa-industry\"><\/i>                            <\/div>\n                        <\/div>\n                                                        <h4 class=\"info-box-title\">Planification strat\u00e9gique<\/h4>\n                                                <\/div>\n                                            <div class=\"info-box-des\">\n                            <p class=\"p1\"><em>Nous aidons les organisations \u00e0 prendre des d\u00e9cisions strat\u00e9giques opportunes, \u00e0 d\u00e9finir des priorit\u00e9s claires, \u00e0 harmoniser leurs ressources et \u00e0 renforcer leurs op\u00e9rations afin de garantir que toutes les parties prenantes travaillent \u00e0 la r\u00e9alisation d'objectifs communs tout en s'adaptant efficacement \u00e0 des environnements en constante \u00e9volution.<\/em><\/p>\n                        <\/div>\n                                    <\/div>\n                        <\/div>\n    <\/div>\n<div class=\"g5plus-space space-69d05e8f13ae0\" data-id=\"69d05e8f13ae0\" data-tablet=\"60\" data-tablet-portrait=\"55\" data-mobile=\"50\" data-mobile-landscape=\"50\" style=\"clear: both; display: block; height: 70px\"><\/div><\/div><\/div><\/div>\t\t\t\t\t\t\t<\/div>\n\t\t\t\n\t\t<\/div>\n\t\t<div class=\"vc_row wpb_row vc_row-fluid\">\n                                        <div class=\"gf-row-inner gf-container container\">\n                        <div class=\"wpb_column vc_column_container vc_col-sm-4\"><div class=\"vc_column-inner\"><div class=\"wpb_wrapper\"><div class=\"gsf-info-box ib-left-inline clearfix icon-float-on-circle ib-medium info-box-nav-right info-box-69d05e8f13fad\">\n    <div class=\"ib-content-wrap\">\n                                    <div class=\"ib-content\">\n                    <div class=\"ib-content-top\">\n                        <div class=\"ib-shape\">\n                            <div class=\"ib-shape-inner\">\n                                <i class=\"fa fa-check\"><\/i>                            <\/div>\n                        <\/div>\n                                                        <h4 class=\"info-box-title\">Fusions-acquisitions<\/h4>\n                                                <\/div>\n                                            <div class=\"info-box-des\">\n                            <p class=\"p1\"><em>Nous aidons les organisations impliqu\u00e9es dans des fusions et acquisitions \u00e0 tirer parti des atouts des deux organisations et \u00e0 acc\u00e9l\u00e9rer leur croissance. Nous \u00e9laborons une feuille de route pour l'ensemble du processus et fournissons le soutien n\u00e9cessaire aux diff\u00e9rents services de l'entreprise, tout en veillant au respect des cadres juridiques du pays d'activit\u00e9.<\/em><\/p>\n                        <\/div>\n                                    <\/div>\n                        <\/div>\n    <\/div>\n<div class=\"g5plus-space space-69d05e8f143ea\" data-id=\"69d05e8f143ea\" data-tablet=\"60\" data-tablet-portrait=\"55\" data-mobile=\"50\" data-mobile-landscape=\"50\" style=\"clear: both; display: block; height: 70px\"><\/div><\/div><\/div><\/div><div class=\"wpb_column vc_column_container vc_col-sm-4\"><div class=\"vc_column-inner\"><div class=\"wpb_wrapper\"><div class=\"gsf-info-box ib-left-inline clearfix icon-float-on-circle ib-medium info-box-nav-right info-box-69d05e8f146ee\">\n    <div class=\"ib-content-wrap\">\n                                    <div class=\"ib-content\">\n                    <div class=\"ib-content-top\">\n                        <div class=\"ib-shape\">\n                            <div class=\"ib-shape-inner\">\n                                <i class=\"fa fa-money\"><\/i>                            <\/div>\n                        <\/div>\n                                                        <h4 class=\"info-box-title\">Gestion des ressources financi\u00e8res<\/h4>\n                                                <\/div>\n                                            <div class=\"info-box-des\">\n                            <p class=\"p1\"><em>La plupart des entreprises sont confront\u00e9es \u00e0 des difficult\u00e9s en mati\u00e8re de gestion financi\u00e8re et des ressources, \u00e0 des probl\u00e8mes de tr\u00e9sorerie et \u00e0 des contraintes budg\u00e9taires. Nous aidons les organisations \u00e0 g\u00e9rer efficacement leurs finances et leurs ressources afin de garantir la mise en \u0153uvre des projets dans le respect des budgets impartis et d'assurer un bon rapport qualit\u00e9-prix.<\/em><\/p>\n                        <\/div>\n                                    <\/div>\n                        <\/div>\n    <\/div>\n<div class=\"g5plus-space space-69d05e8f14fa8\" data-id=\"69d05e8f14fa8\" data-tablet=\"60\" data-tablet-portrait=\"55\" data-mobile=\"50\" data-mobile-landscape=\"50\" style=\"clear: both; display: block; height: 70px\"><\/div><\/div><\/div><\/div><div class=\"wpb_column vc_column_container vc_col-sm-4\"><div class=\"vc_column-inner\"><div class=\"wpb_wrapper\"><div class=\"gsf-info-box ib-left-inline clearfix icon-float-on-circle ib-medium info-box-nav-right info-box-69d05e8f155bf\">\n    <div class=\"ib-content-wrap\">\n                                    <div class=\"ib-content\">\n                    <div class=\"ib-content-top\">\n                        <div class=\"ib-shape\">\n                            <div class=\"ib-shape-inner\">\n                                <i class=\"fa fa-podcast\"><\/i>                            <\/div>\n                        <\/div>\n                                                        <h4 class=\"info-box-title\">Technologies de l'information et de la communication<\/h4>\n                                                <\/div>\n                                            <div class=\"info-box-des\">\n                            <p class=\"p1\"><em>La technologie est aujourd'hui un moteur essentiel dans le monde des affaires. Azoum Investments aidera votre entreprise \u00e0 tirer efficacement parti de la technologie pour atteindre ses objectifs strat\u00e9giques.<\/em><\/p>\n                        <\/div>\n                                    <\/div>\n                        <\/div>\n    <\/div>\n<div class=\"g5plus-space space-69d05e8f159a7\" data-id=\"69d05e8f159a7\" data-tablet=\"60\" data-tablet-portrait=\"55\" data-mobile=\"50\" data-mobile-landscape=\"50\" style=\"clear: both; display: block; height: 70px\"><\/div><\/div><\/div><\/div>\t\t\t\t\t\t\t<\/div>\n\t\t\t\n\t\t<\/div>\n\t\t<div class=\"vc_row wpb_row vc_row-fluid\">\n                                        <div class=\"gf-row-inner gf-container container\">\n                        <div class=\"wpb_column vc_column_container vc_col-sm-4\"><div class=\"vc_column-inner\"><div class=\"wpb_wrapper\"><div class=\"gsf-info-box ib-left-inline clearfix icon-float-on-circle ib-medium info-box-nav-right info-box-69d05e8f15e53\">\n    <div class=\"ib-content-wrap\">\n                                    <div class=\"ib-content\">\n                    <div class=\"ib-content-top\">\n                        <div class=\"ib-shape\">\n                            <div class=\"ib-shape-inner\">\n                                <i class=\"fa fa-television\"><\/i>                            <\/div>\n                        <\/div>\n                                                        <h4 class=\"info-box-title\">Recherche et d\u00e9veloppement de nouveaux produits<\/h4>\n                                                <\/div>\n                                            <div class=\"info-box-des\">\n                            <p class=\"p1\"><em>Notre \u00e9quipe effectue des recherches et des analyses \u00e0 diff\u00e9rents niveaux afin de prendre des d\u00e9cisions commerciales \u00e9clair\u00e9es. Cela comprend la veille concurrentielle sur les nouveaux produits innovants, la strat\u00e9gie de d\u00e9veloppement, la recherche de financement et les investisseurs.<\/em><\/p>\n                        <\/div>\n                                    <\/div>\n                        <\/div>\n    <\/div>\n<div class=\"g5plus-space space-69d05e8f16241\" data-id=\"69d05e8f16241\" data-tablet=\"60\" data-tablet-portrait=\"55\" data-mobile=\"50\" data-mobile-landscape=\"50\" style=\"clear: both; display: block; height: 70px\"><\/div><\/div><\/div><\/div><div class=\"wpb_column vc_column_container vc_col-sm-4\"><div class=\"vc_column-inner\"><div class=\"wpb_wrapper\"><div class=\"gsf-info-box ib-left-inline clearfix icon-float-on-circle ib-medium info-box-nav-right info-box-69d05e8f16bc4\">\n    <div class=\"ib-content-wrap\">\n                                    <div class=\"ib-content\">\n                    <div class=\"ib-content-top\">\n                        <div class=\"ib-shape\">\n                            <div class=\"ib-shape-inner\">\n                                <i class=\"fa fa-building\"><\/i>                            <\/div>\n                        <\/div>\n                                                        <h4 class=\"info-box-title\">Investissements immobiliers<\/h4>\n                                                <\/div>\n                                            <div class=\"info-box-des\">\n                            <p class=\"p1\"><em>Nous pouvons vous aider \u00e0 s\u00e9curiser vos capitaux propres ou vos capitaux d'investissement dans un secteur propre et rentable, en particulier dans le domaine immobilier.<\/em><\/p>\n                        <\/div>\n                                    <\/div>\n                        <\/div>\n    <\/div>\n<div class=\"g5plus-space space-69d05e8f17131\" data-id=\"69d05e8f17131\" data-tablet=\"60\" data-tablet-portrait=\"55\" data-mobile=\"50\" data-mobile-landscape=\"50\" style=\"clear: both; display: block; height: 70px\"><\/div><\/div><\/div><\/div><div class=\"wpb_column vc_column_container vc_col-sm-4\"><div class=\"vc_column-inner\"><div class=\"wpb_wrapper\">\n\t<div  class=\"wpb_single_image wpb_content_element vc_align_left wpb_content_element\">\n\t\t\n\t\t<figure class=\"wpb_wrapper vc_figure\">\n\t\t\t<div class=\"vc_single_image-wrapper   vc_box_border_grey\"><img loading=\"lazy\" decoding=\"async\" width=\"1024\" height=\"709\" src=\"https:\/\/azoum.ca\/wp-content\/uploads\/2025\/11\/2-1024x709.png\" class=\"vc_single_image-img attachment-large\" alt=\"\" title=\"2\" srcset=\"https:\/\/azoum.ca\/wp-content\/uploads\/2025\/11\/2-1024x709.png 1024w, https:\/\/azoum.ca\/wp-content\/uploads\/2025\/11\/2-300x208.png 300w, https:\/\/azoum.ca\/wp-content\/uploads\/2025\/11\/2-768x532.png 768w, https:\/\/azoum.ca\/wp-content\/uploads\/2025\/11\/2-1536x1063.png 1536w, https:\/\/azoum.ca\/wp-content\/uploads\/2025\/11\/2-2048x1418.png 2048w\" sizes=\"auto, (max-width: 1024px) 100vw, 1024px\" \/><\/div>\n\t\t<\/figure>\n\t<\/div>\n<\/div><\/div><\/div>\t\t\t\t\t\t\t<\/div>\n\t\t\t\n\t\t<\/div>\n\t\t<div class=\"vc_row wpb_row vc_row-fluid\">\n                                        <div class=\"gf-row-inner gf-container container\">\n                        <div class=\"wpb_column vc_column_container vc_col-sm-12\"><div class=\"vc_column-inner\"><div class=\"wpb_wrapper\"><div class=\"btn-container text-center\">\n            <a class=\"btn btn-black btn-outline btn-square btn-lg btn-skew-69d05e8f17d5c\" href=\"https:\/\/azoum.ca\/contact-us\/\" title=\"Contactez-nous d\u00e8s aujourd&#039;hui !\">Contactez-nous d\u00e8s aujourd'hui !<\/a>\n    <\/div>\n\n<\/div><\/div><\/div>\t\t\t\t\t\t\t<\/div>\n\t\t\t\n\t\t<\/div>\n\t\t<div class=\"vc_row wpb_row vc_row-fluid\">\n                                        <div class=\"gf-row-inner gf-container container\">\n                        <div class=\"wpb_column vc_column_container vc_col-sm-12\"><div class=\"vc_column-inner\"><div class=\"wpb_wrapper\"><div class=\"g5plus-space space-69d05e8f18967\" data-id=\"69d05e8f18967\" data-tablet=\"70\" data-tablet-portrait=\"60\" data-mobile=\"40\" data-mobile-landscape=\"50\" style=\"clear: both; display: block; height: 90px\"><\/div><\/div><\/div><\/div>\t\t\t\t\t\t\t<\/div>\n\t\t\t\n\t\t<\/div>\n<\/div>","protected":false},"excerpt":{"rendered":"WE HELP BUSINESSES GROW AND EXPAND BEYOND THEIR BORDERS! Attracting Foreign Investments We help businesses in making critical investor decisions like determining the right investor targeted and developing the right product development for the global markets that investors would find business value in. Information On International Markets We undertake international markets analysis in Geopolitics, risks [...]","protected":false},"author":2,"featured_media":0,"parent":7407,"menu_order":0,"comment_status":"closed","ping_status":"closed","template":"","meta":{"footnotes":""},"class_list":["post-7684","page","type-page","status-publish","hentry"],"_links":{"self":[{"href":"https:\/\/azoum.ca\/fr\/wp-json\/wp\/v2\/pages\/7684","targetHints":{"allow":["GET"]}}],"collection":[{"href":"https:\/\/azoum.ca\/fr\/wp-json\/wp\/v2\/pages"}],"about":[{"href":"https:\/\/azoum.ca\/fr\/wp-json\/wp\/v2\/types\/page"}],"author":[{"embeddable":true,"href":"https:\/\/azoum.ca\/fr\/wp-json\/wp\/v2\/users\/2"}],"replies":[{"embeddable":true,"href":"https:\/\/azoum.ca\/fr\/wp-json\/wp\/v2\/comments?post=7684"}],"version-history":[{"count":15,"href":"https:\/\/azoum.ca\/fr\/wp-json\/wp\/v2\/pages\/7684\/revisions"}],"predecessor-version":[{"id":7986,"href":"https:\/\/azoum.ca\/fr\/wp-json\/wp\/v2\/pages\/7684\/revisions\/7986"}],"up":[{"embeddable":true,"href":"https:\/\/azoum.ca\/fr\/wp-json\/wp\/v2\/pages\/7407"}],"wp:attachment":[{"href":"https:\/\/azoum.ca\/fr\/wp-json\/wp\/v2\/media?parent=7684"}],"curies":[{"name":"wp","href":"https:\/\/api.w.org\/{rel}","templated":true}]}}