{"id":7626,"date":"2025-11-17T16:11:50","date_gmt":"2025-11-17T16:11:50","guid":{"rendered":"https:\/\/azoum.ca\/?page_id=7626"},"modified":"2025-11-24T15:44:47","modified_gmt":"2025-11-24T15:44:47","slug":"management-services","status":"publish","type":"page","link":"https:\/\/azoum.ca\/fr\/services\/management-services\/","title":{"rendered":"Services de gestion"},"content":{"rendered":"<div class=\"wpb-content-wrapper\"><div class=\"vc_row wpb_row vc_row-fluid\">\n                                        <div class=\"gf-row-inner gf-container container\">\n                        <div class=\"wpb_column vc_column_container vc_col-sm-12\"><div class=\"vc_column-inner\"><div class=\"wpb_wrapper\"><div class=\"g5plus-space space-69d061b8ac978\" data-id=\"69d061b8ac978\" data-tablet=\"70\" data-tablet-portrait=\"60\" data-mobile=\"40\" data-mobile-landscape=\"50\" style=\"clear: both; display: block; height: 90px\"><\/div><\/div><\/div><\/div>\t\t\t\t\t\t\t<\/div>\n\t\t\t\n\t\t<\/div>\n\t\t<div class=\"vc_row wpb_row vc_row-fluid\">\n                                        <div class=\"gf-row-inner gf-container container\">\n                        <div class=\"wpb_column vc_column_container vc_col-sm-12\"><div class=\"vc_column-inner\"><div class=\"wpb_wrapper\"><div class=\"vc_row wpb_row vc_inner vc_row-fluid vc_column-gap-15 vc_row-o-equal-height vc_row-flex\"><div class=\"wpb_column vc_column_container vc_col-sm-4 vc_col-has-fill\"><div class=\"vc_column-inner vc_custom_1763393218524\"><div class=\"wpb_wrapper\">\n\t<div  class=\"wpb_single_image wpb_content_element vc_align_left wpb_content_element vc_custom_1763392712679\">\n\t\t\n\t\t<figure class=\"wpb_wrapper vc_figure\">\n\t\t\t<div class=\"vc_single_image-wrapper   vc_box_border_grey\"><img loading=\"lazy\" decoding=\"async\" width=\"1920\" height=\"1080\" src=\"https:\/\/azoum.ca\/wp-content\/uploads\/2025\/11\/anastassia-anufrieva-3yb7ZsaY0LY-unsplash-1080p.jpg\" class=\"vc_single_image-img attachment-full\" alt=\"\" title=\"anastassia-anufrieva-3yb7ZsaY0LY-unsplash 1080p\" srcset=\"https:\/\/azoum.ca\/wp-content\/uploads\/2025\/11\/anastassia-anufrieva-3yb7ZsaY0LY-unsplash-1080p.jpg 1920w, https:\/\/azoum.ca\/wp-content\/uploads\/2025\/11\/anastassia-anufrieva-3yb7ZsaY0LY-unsplash-1080p-300x169.jpg 300w, https:\/\/azoum.ca\/wp-content\/uploads\/2025\/11\/anastassia-anufrieva-3yb7ZsaY0LY-unsplash-1080p-1024x576.jpg 1024w, https:\/\/azoum.ca\/wp-content\/uploads\/2025\/11\/anastassia-anufrieva-3yb7ZsaY0LY-unsplash-1080p-768x432.jpg 768w, https:\/\/azoum.ca\/wp-content\/uploads\/2025\/11\/anastassia-anufrieva-3yb7ZsaY0LY-unsplash-1080p-1536x864.jpg 1536w\" sizes=\"auto, (max-width: 1920px) 100vw, 1920px\" \/><\/div>\n\t\t<\/figure>\n\t<\/div>\n\n\t<div class=\"wpb_text_column wpb_content_element vc_custom_1763842472626\" >\n\t\t<div class=\"wpb_wrapper\">\n\t\t\t<h3>Analyse et \u00e9tude de march\u00e9<\/h3>\n<p>Nous fournissons aux organisations des informations pr\u00e9cises et factuelles sur l'environnement commercial, essentielles \u00e0 la r\u00e9ussite de toutes les entreprises commerciales, tant au niveau local qu'\u00e0 l'\u00e9tranger.<br \/>\n<!--more--><\/p>\n\n\t\t<\/div>\n\t<\/div>\n<div class=\"btn-container vc_custom_1763999025938 text-center\">\n            <a class=\"btn btn-accent btn-link btn-link-sm btn-skew-69d061b8ad8c2 btn-icon btn-icon-right\" href=\"https:\/\/azoum.ca\/services\/management-services\/market-analysis-research\/\" title=\"En savoir plus\">En savoir plus<i class=\"ion-android-arrow-forward\"><\/i><\/a>\n    <\/div>\n\n<\/div><\/div><\/div><div class=\"wpb_column vc_column_container vc_col-sm-4 vc_col-has-fill\"><div class=\"vc_column-inner vc_custom_1763393238189\"><div class=\"wpb_wrapper\">\n\t<div  class=\"wpb_single_image wpb_content_element vc_align_left wpb_content_element vc_custom_1763392716889\">\n\t\t\n\t\t<figure class=\"wpb_wrapper vc_figure\">\n\t\t\t<div class=\"vc_single_image-wrapper   vc_box_border_grey\"><img loading=\"lazy\" decoding=\"async\" width=\"1920\" height=\"1080\" src=\"https:\/\/azoum.ca\/wp-content\/uploads\/2025\/11\/rc-xyz-nft-gallery-w9coDxtsfts-unsplash-1080p.jpg\" class=\"vc_single_image-img attachment-full\" alt=\"\" title=\"rc-xyz-nft-gallery-w9coDxtsfts-unsplash 1080p\" srcset=\"https:\/\/azoum.ca\/wp-content\/uploads\/2025\/11\/rc-xyz-nft-gallery-w9coDxtsfts-unsplash-1080p.jpg 1920w, https:\/\/azoum.ca\/wp-content\/uploads\/2025\/11\/rc-xyz-nft-gallery-w9coDxtsfts-unsplash-1080p-300x169.jpg 300w, https:\/\/azoum.ca\/wp-content\/uploads\/2025\/11\/rc-xyz-nft-gallery-w9coDxtsfts-unsplash-1080p-1024x576.jpg 1024w, https:\/\/azoum.ca\/wp-content\/uploads\/2025\/11\/rc-xyz-nft-gallery-w9coDxtsfts-unsplash-1080p-768x432.jpg 768w, https:\/\/azoum.ca\/wp-content\/uploads\/2025\/11\/rc-xyz-nft-gallery-w9coDxtsfts-unsplash-1080p-1536x864.jpg 1536w\" sizes=\"auto, (max-width: 1920px) 100vw, 1920px\" \/><\/div>\n\t\t<\/figure>\n\t<\/div>\n\n\t<div class=\"wpb_text_column wpb_content_element vc_custom_1763842671532\" >\n\t\t<div class=\"wpb_wrapper\">\n\t\t\t<h3>Planification strat\u00e9gique<\/h3>\n<p>Nous nous chargeons de planifier et de diriger les objectifs strat\u00e9giques et \u00e0 long terme d'une organisation. Nous menons des examens organisationnels afin d'identifier les forces, les faiblesses...<br \/>\n<!--more--><\/p>\n\n\t\t<\/div>\n\t<\/div>\n<div class=\"btn-container vc_custom_1763999034463 text-center\">\n            <a class=\"btn btn-accent btn-link btn-link-sm btn-skew-69d061b8ae019 btn-icon btn-icon-right\" href=\"https:\/\/azoum.ca\/services\/management-services\/strategic-planning\/\" title=\"En savoir plus\">En savoir plus<i class=\"ion-android-arrow-forward\"><\/i><\/a>\n    <\/div>\n\n<\/div><\/div><\/div><div class=\"wpb_column vc_column_container vc_col-sm-4 vc_col-has-fill\"><div class=\"vc_column-inner vc_custom_1763393243081\"><div class=\"wpb_wrapper\">\n\t<div  class=\"wpb_single_image wpb_content_element vc_align_left wpb_content_element vc_custom_1763392721142\">\n\t\t\n\t\t<figure class=\"wpb_wrapper vc_figure\">\n\t\t\t<div class=\"vc_single_image-wrapper   vc_box_border_grey\"><img loading=\"lazy\" decoding=\"async\" width=\"1920\" height=\"1080\" src=\"https:\/\/azoum.ca\/wp-content\/uploads\/2025\/11\/kvalifik-5Q07sS54D0Q-unsplash-1080p.jpg\" class=\"vc_single_image-img attachment-full\" alt=\"\" title=\"kvalifik-5Q07sS54D0Q-unsplash 1080p\" srcset=\"https:\/\/azoum.ca\/wp-content\/uploads\/2025\/11\/kvalifik-5Q07sS54D0Q-unsplash-1080p.jpg 1920w, https:\/\/azoum.ca\/wp-content\/uploads\/2025\/11\/kvalifik-5Q07sS54D0Q-unsplash-1080p-300x169.jpg 300w, https:\/\/azoum.ca\/wp-content\/uploads\/2025\/11\/kvalifik-5Q07sS54D0Q-unsplash-1080p-1024x576.jpg 1024w, https:\/\/azoum.ca\/wp-content\/uploads\/2025\/11\/kvalifik-5Q07sS54D0Q-unsplash-1080p-768x432.jpg 768w, https:\/\/azoum.ca\/wp-content\/uploads\/2025\/11\/kvalifik-5Q07sS54D0Q-unsplash-1080p-1536x864.jpg 1536w\" sizes=\"auto, (max-width: 1920px) 100vw, 1920px\" \/><\/div>\n\t\t<\/figure>\n\t<\/div>\n\n\t<div class=\"wpb_text_column wpb_content_element vc_custom_1763842677509\" >\n\t\t<div class=\"wpb_wrapper\">\n\t\t\t<h3>Strat\u00e9gies d'entr\u00e9e sur le march\u00e9<\/h3>\n<p>Nous aidons nos clients \u00e0 p\u00e9n\u00e9trer de nouveaux march\u00e9s en effectuant une analyse approfondie des march\u00e9s cibl\u00e9s avec une approche commerciale claire et pratique.<br \/>\n<!--more--><\/p>\n\n\t\t<\/div>\n\t<\/div>\n<div class=\"btn-container vc_custom_1763999042403 text-center\">\n            <a class=\"btn btn-accent btn-link btn-link-sm btn-skew-69d061b8ae68c btn-icon btn-icon-right\" href=\"https:\/\/azoum.ca\/services\/management-services\/market-entry-strategies\/\" title=\"En savoir plus\">En savoir plus<i class=\"ion-android-arrow-forward\"><\/i><\/a>\n    <\/div>\n\n<\/div><\/div><\/div><div class=\"wpb_column vc_column_container vc_col-sm-4 vc_col-has-fill\"><div class=\"vc_column-inner vc_custom_1763392665926\"><div class=\"wpb_wrapper\">\n\t<div  class=\"wpb_single_image wpb_content_element vc_align_left wpb_content_element vc_custom_1763392725074\">\n\t\t\n\t\t<figure class=\"wpb_wrapper vc_figure\">\n\t\t\t<div class=\"vc_single_image-wrapper   vc_box_border_grey\"><img loading=\"lazy\" decoding=\"async\" width=\"1920\" height=\"1080\" src=\"https:\/\/azoum.ca\/wp-content\/uploads\/2025\/11\/johan-mouchet-feV1Py7usog-unsplash-1080p.jpg\" class=\"vc_single_image-img attachment-full\" alt=\"\" title=\"johan-mouchet-feV1Py7usog-unsplash 1080p\" srcset=\"https:\/\/azoum.ca\/wp-content\/uploads\/2025\/11\/johan-mouchet-feV1Py7usog-unsplash-1080p.jpg 1920w, https:\/\/azoum.ca\/wp-content\/uploads\/2025\/11\/johan-mouchet-feV1Py7usog-unsplash-1080p-300x169.jpg 300w, https:\/\/azoum.ca\/wp-content\/uploads\/2025\/11\/johan-mouchet-feV1Py7usog-unsplash-1080p-1024x576.jpg 1024w, https:\/\/azoum.ca\/wp-content\/uploads\/2025\/11\/johan-mouchet-feV1Py7usog-unsplash-1080p-768x432.jpg 768w, https:\/\/azoum.ca\/wp-content\/uploads\/2025\/11\/johan-mouchet-feV1Py7usog-unsplash-1080p-1536x864.jpg 1536w\" sizes=\"auto, (max-width: 1920px) 100vw, 1920px\" \/><\/div>\n\t\t<\/figure>\n\t<\/div>\n\n\t<div class=\"wpb_text_column wpb_content_element vc_custom_1763842684176\" >\n\t\t<div class=\"wpb_wrapper\">\n\t\t\t<h3>Fusions et acquisitions<\/h3>\n<p>Nous nous chargeons de toutes les d\u00e9marches pr\u00e9liminaires pour les op\u00e9rations potentielles de fusion-acquisition. Nous analysons les perspectives du secteur en recueillant des informations sur la croissance...<br \/>\n<!--more--><\/p>\n\n\t\t<\/div>\n\t<\/div>\n<div class=\"btn-container vc_custom_1763999064659 text-center\">\n            <a class=\"btn btn-accent btn-link btn-link-sm btn-skew-69d061b8aed12 btn-icon btn-icon-right\" href=\"https:\/\/azoum.ca\/services\/management-services\/mergers-acquisitions\/\" title=\"En savoir plus\">En savoir plus<i class=\"ion-android-arrow-forward\"><\/i><\/a>\n    <\/div>\n\n<\/div><\/div><\/div><div class=\"wpb_column vc_column_container vc_col-sm-4 vc_col-has-fill\"><div class=\"vc_column-inner vc_custom_1763392673485\"><div class=\"wpb_wrapper\">\n\t<div  class=\"wpb_single_image wpb_content_element vc_align_left wpb_content_element vc_custom_1763392728886\">\n\t\t\n\t\t<figure class=\"wpb_wrapper vc_figure\">\n\t\t\t<div class=\"vc_single_image-wrapper   vc_box_border_grey\"><img loading=\"lazy\" decoding=\"async\" width=\"1920\" height=\"1080\" src=\"https:\/\/azoum.ca\/wp-content\/uploads\/2025\/11\/adolfo-felix-Yi9-QIObQ1o-unsplash-1080p.jpg\" class=\"vc_single_image-img attachment-full\" alt=\"\" title=\"adolfo-felix-Yi9-QIObQ1o-unsplash 1080p\" srcset=\"https:\/\/azoum.ca\/wp-content\/uploads\/2025\/11\/adolfo-felix-Yi9-QIObQ1o-unsplash-1080p.jpg 1920w, https:\/\/azoum.ca\/wp-content\/uploads\/2025\/11\/adolfo-felix-Yi9-QIObQ1o-unsplash-1080p-300x169.jpg 300w, https:\/\/azoum.ca\/wp-content\/uploads\/2025\/11\/adolfo-felix-Yi9-QIObQ1o-unsplash-1080p-1024x576.jpg 1024w, https:\/\/azoum.ca\/wp-content\/uploads\/2025\/11\/adolfo-felix-Yi9-QIObQ1o-unsplash-1080p-768x432.jpg 768w, https:\/\/azoum.ca\/wp-content\/uploads\/2025\/11\/adolfo-felix-Yi9-QIObQ1o-unsplash-1080p-1536x864.jpg 1536w\" sizes=\"auto, (max-width: 1920px) 100vw, 1920px\" \/><\/div>\n\t\t<\/figure>\n\t<\/div>\n\n\t<div class=\"wpb_text_column wpb_content_element vc_custom_1763842689725\" >\n\t\t<div class=\"wpb_wrapper\">\n\t\t\t<h3>Attirer les investisseurs \u00e9trangers<\/h3>\n<p>Du point de vue des investisseurs, investir \u00e0 l'\u00e9tranger comporte certains risques suppl\u00e9mentaires qui doivent \u00eatre pris en compte au pr\u00e9alable, notamment :<br \/>\n<!--more--><\/p>\n\n\t\t<\/div>\n\t<\/div>\n<div class=\"btn-container vc_custom_1763999074503 text-center\">\n            <a class=\"btn btn-accent btn-link btn-link-sm btn-skew-69d061b8af370 btn-icon btn-icon-right\" href=\"https:\/\/azoum.ca\/services\/management-services\/attracting-foreign-investors\/\" title=\"En savoir plus\">En savoir plus<i class=\"ion-android-arrow-forward\"><\/i><\/a>\n    <\/div>\n\n<\/div><\/div><\/div><div class=\"wpb_column vc_column_container vc_col-sm-4 vc_col-has-fill\"><div class=\"vc_column-inner vc_custom_1763392684090\"><div class=\"wpb_wrapper\">\n\t<div  class=\"wpb_single_image wpb_content_element vc_align_left wpb_content_element vc_custom_1763392733662\">\n\t\t\n\t\t<figure class=\"wpb_wrapper vc_figure\">\n\t\t\t<div class=\"vc_single_image-wrapper   vc_box_border_grey\"><img loading=\"lazy\" decoding=\"async\" width=\"1920\" height=\"1080\" src=\"https:\/\/azoum.ca\/wp-content\/uploads\/2025\/11\/headway-F2KRf_QfCqw-unsplash-1080p.jpg\" class=\"vc_single_image-img attachment-full\" alt=\"\" title=\"headway-F2KRf_QfCqw-unsplash 1080p\" srcset=\"https:\/\/azoum.ca\/wp-content\/uploads\/2025\/11\/headway-F2KRf_QfCqw-unsplash-1080p.jpg 1920w, https:\/\/azoum.ca\/wp-content\/uploads\/2025\/11\/headway-F2KRf_QfCqw-unsplash-1080p-300x169.jpg 300w, https:\/\/azoum.ca\/wp-content\/uploads\/2025\/11\/headway-F2KRf_QfCqw-unsplash-1080p-1024x576.jpg 1024w, https:\/\/azoum.ca\/wp-content\/uploads\/2025\/11\/headway-F2KRf_QfCqw-unsplash-1080p-768x432.jpg 768w, https:\/\/azoum.ca\/wp-content\/uploads\/2025\/11\/headway-F2KRf_QfCqw-unsplash-1080p-1536x864.jpg 1536w\" sizes=\"auto, (max-width: 1920px) 100vw, 1920px\" \/><\/div>\n\t\t<\/figure>\n\t<\/div>\n\n\t<div class=\"wpb_text_column wpb_content_element vc_custom_1763842694713\" >\n\t\t<div class=\"wpb_wrapper\">\n\t\t\t<h3>Organisation d'\u00e9v\u00e9nements professionnels<\/h3>\n<p>Faites confiance \u00e0 Azoum Investment and Consulting pour la conception, la pr\u00e9paration et l'organisation mat\u00e9rielle et logistique d'\u00e9v\u00e9nements professionnels, notamment...<br \/>\n<!--more--><\/p>\n\n\t\t<\/div>\n\t<\/div>\n<div class=\"btn-container vc_custom_1763999084219 text-center\">\n            <a class=\"btn btn-accent btn-link btn-link-sm btn-skew-69d061b8af9c9 btn-icon btn-icon-right\" href=\"https:\/\/azoum.ca\/services\/management-services\/organizing-business-events\/\" title=\"En savoir plus\">En savoir plus<i class=\"ion-android-arrow-forward\"><\/i><\/a>\n    <\/div>\n\n<\/div><\/div><\/div><\/div><\/div><\/div><\/div>\t\t\t\t\t\t\t<\/div>\n\t\t\t\n\t\t<\/div>\n\t\t<div class=\"vc_row wpb_row vc_row-fluid\">\n                                        <div class=\"gf-row-inner gf-container container\">\n                        <div class=\"wpb_column vc_column_container vc_col-sm-12\"><div class=\"vc_column-inner\"><div class=\"wpb_wrapper\"><div class=\"g5plus-space space-69d061b8aff05\" data-id=\"69d061b8aff05\" data-tablet=\"70\" data-tablet-portrait=\"60\" data-mobile=\"40\" data-mobile-landscape=\"50\" style=\"clear: both; display: block; height: 90px\"><\/div><\/div><\/div><\/div>\t\t\t\t\t\t\t<\/div>\n\t\t\t\n\t\t<\/div>\n<\/div>","protected":false},"excerpt":{"rendered":"<p>MARKET ANALYSIS &amp; RESEARCH We provide organizations with accurate and factual market environment information key for all successful business ventures both locally and abroad.<\/p>","protected":false},"author":2,"featured_media":0,"parent":7407,"menu_order":0,"comment_status":"closed","ping_status":"closed","template":"","meta":{"footnotes":""},"class_list":["post-7626","page","type-page","status-publish","hentry"],"_links":{"self":[{"href":"https:\/\/azoum.ca\/fr\/wp-json\/wp\/v2\/pages\/7626","targetHints":{"allow":["GET"]}}],"collection":[{"href":"https:\/\/azoum.ca\/fr\/wp-json\/wp\/v2\/pages"}],"about":[{"href":"https:\/\/azoum.ca\/fr\/wp-json\/wp\/v2\/types\/page"}],"author":[{"embeddable":true,"href":"https:\/\/azoum.ca\/fr\/wp-json\/wp\/v2\/users\/2"}],"replies":[{"embeddable":true,"href":"https:\/\/azoum.ca\/fr\/wp-json\/wp\/v2\/comments?post=7626"}],"version-history":[{"count":10,"href":"https:\/\/azoum.ca\/fr\/wp-json\/wp\/v2\/pages\/7626\/revisions"}],"predecessor-version":[{"id":7963,"href":"https:\/\/azoum.ca\/fr\/wp-json\/wp\/v2\/pages\/7626\/revisions\/7963"}],"up":[{"embeddable":true,"href":"https:\/\/azoum.ca\/fr\/wp-json\/wp\/v2\/pages\/7407"}],"wp:attachment":[{"href":"https:\/\/azoum.ca\/fr\/wp-json\/wp\/v2\/media?parent=7626"}],"curies":[{"name":"wp","href":"https:\/\/api.w.org\/{rel}","templated":true}]}}