{"id":7622,"date":"2025-11-17T16:10:38","date_gmt":"2025-11-17T16:10:38","guid":{"rendered":"https:\/\/azoum.ca\/?page_id=7622"},"modified":"2025-11-22T21:09:39","modified_gmt":"2025-11-22T21:09:39","slug":"mergers-acquisitions","status":"publish","type":"page","link":"https:\/\/azoum.ca\/fr\/services\/management-services\/mergers-acquisitions\/","title":{"rendered":"Fusions et acquisitions"},"content":{"rendered":"<div class=\"wpb-content-wrapper\"><div class=\"vc_row wpb_row vc_row-fluid\">\n                                        <div class=\"gf-row-inner gf-container container\">\n                        <div class=\"wpb_column vc_column_container vc_col-sm-12\"><div class=\"vc_column-inner\"><div class=\"wpb_wrapper\"><div class=\"g5plus-space space-69e748e8a3c2a\" data-id=\"69e748e8a3c2a\" data-tablet=\"70\" data-tablet-portrait=\"60\" data-mobile=\"40\" data-mobile-landscape=\"50\" style=\"clear: both; display: block; height: 90px\"><\/div><\/div><\/div><\/div>\t\t\t\t\t\t\t<\/div>\n\t\t\t\n\t\t<\/div>\n\t\t<div class=\"vc_row wpb_row vc_row-fluid\">\n                                        <div class=\"gf-row-inner gf-container container\">\n                        <div class=\"wpb_column vc_column_container vc_col-sm-6\"><div class=\"vc_column-inner\"><div class=\"wpb_wrapper\">\n\t<div class=\"wpb_text_column wpb_content_element\" >\n\t\t<div class=\"wpb_wrapper\">\n\t\t\t<p>Nous nous chargeons de toutes les d\u00e9marches pr\u00e9liminaires pour les op\u00e9rations potentielles de fusion et d'acquisition. Nous analysons les perspectives du secteur en recueillant des informations sur la croissance, les concurrents et les possibilit\u00e9s de parts de march\u00e9. Nous examinons les fondamentaux et les \u00e9tats financiers des entreprises. Nous \u00e9laborons ensuite un plan d'action qui aidera les parties prenantes \u00e0 prendre des d\u00e9cisions concernant l'op\u00e9ration.<\/p>\n\n\t\t<\/div>\n\t<\/div>\n<\/div><\/div><\/div><div class=\"wpb_column vc_column_container vc_col-sm-6\"><div class=\"vc_column-inner\"><div class=\"wpb_wrapper\">\n\t<div  class=\"wpb_single_image wpb_content_element vc_align_left wpb_content_element\">\n\t\t\n\t\t<figure class=\"wpb_wrapper vc_figure\">\n\t\t\t<div class=\"vc_single_image-wrapper   vc_box_border_grey\"><img loading=\"lazy\" decoding=\"async\" width=\"1920\" height=\"1080\" src=\"https:\/\/azoum.ca\/wp-content\/uploads\/2025\/11\/johan-mouchet-feV1Py7usog-unsplash-1080p.jpg\" class=\"vc_single_image-img attachment-full\" alt=\"\" title=\"johan-mouchet-feV1Py7usog-unsplash 1080p\" srcset=\"https:\/\/azoum.ca\/wp-content\/uploads\/2025\/11\/johan-mouchet-feV1Py7usog-unsplash-1080p.jpg 1920w, https:\/\/azoum.ca\/wp-content\/uploads\/2025\/11\/johan-mouchet-feV1Py7usog-unsplash-1080p-300x169.jpg 300w, https:\/\/azoum.ca\/wp-content\/uploads\/2025\/11\/johan-mouchet-feV1Py7usog-unsplash-1080p-1024x576.jpg 1024w, https:\/\/azoum.ca\/wp-content\/uploads\/2025\/11\/johan-mouchet-feV1Py7usog-unsplash-1080p-768x432.jpg 768w, https:\/\/azoum.ca\/wp-content\/uploads\/2025\/11\/johan-mouchet-feV1Py7usog-unsplash-1080p-1536x864.jpg 1536w\" sizes=\"auto, (max-width: 1920px) 100vw, 1920px\" \/><\/div>\n\t\t<\/figure>\n\t<\/div>\n<\/div><\/div><\/div>\t\t\t\t\t\t\t<\/div>\n\t\t\t\n\t\t<\/div>\n\t\t<div class=\"vc_row wpb_row vc_row-fluid\">\n                                        <div class=\"gf-row-inner gf-container container\">\n                        <div class=\"wpb_column vc_column_container vc_col-sm-12\"><div class=\"vc_column-inner\"><div class=\"wpb_wrapper\"><div class=\"g5plus-space space-69e748e8a4c96\" data-id=\"69e748e8a4c96\" data-tablet=\"70\" data-tablet-portrait=\"60\" data-mobile=\"40\" data-mobile-landscape=\"50\" style=\"clear: both; display: block; height: 90px\"><\/div><\/div><\/div><\/div>\t\t\t\t\t\t\t<\/div>\n\t\t\t\n\t\t<\/div>\n<\/div>","protected":false},"excerpt":{"rendered":"Nous nous chargeons de toutes les d\u00e9marches pr\u00e9liminaires pour les op\u00e9rations potentielles de fusion et d'acquisition. Nous analysons les perspectives du secteur en recueillant des informations sur la croissance, les concurrents et les possibilit\u00e9s de parts de march\u00e9. Nous examinons les fondamentaux et les \u00e9tats financiers des entreprises. Nous \u00e9laborons ensuite un plan d'action qui aidera les parties prenantes \u00e0 prendre des d\u00e9cisions concernant l'op\u00e9ration.","protected":false},"author":2,"featured_media":0,"parent":7626,"menu_order":0,"comment_status":"closed","ping_status":"closed","template":"","meta":{"footnotes":""},"class_list":["post-7622","page","type-page","status-publish","hentry"],"_links":{"self":[{"href":"https:\/\/azoum.ca\/fr\/wp-json\/wp\/v2\/pages\/7622","targetHints":{"allow":["GET"]}}],"collection":[{"href":"https:\/\/azoum.ca\/fr\/wp-json\/wp\/v2\/pages"}],"about":[{"href":"https:\/\/azoum.ca\/fr\/wp-json\/wp\/v2\/types\/page"}],"author":[{"embeddable":true,"href":"https:\/\/azoum.ca\/fr\/wp-json\/wp\/v2\/users\/2"}],"replies":[{"embeddable":true,"href":"https:\/\/azoum.ca\/fr\/wp-json\/wp\/v2\/comments?post=7622"}],"version-history":[{"count":5,"href":"https:\/\/azoum.ca\/fr\/wp-json\/wp\/v2\/pages\/7622\/revisions"}],"predecessor-version":[{"id":7816,"href":"https:\/\/azoum.ca\/fr\/wp-json\/wp\/v2\/pages\/7622\/revisions\/7816"}],"up":[{"embeddable":true,"href":"https:\/\/azoum.ca\/fr\/wp-json\/wp\/v2\/pages\/7626"}],"wp:attachment":[{"href":"https:\/\/azoum.ca\/fr\/wp-json\/wp\/v2\/media?parent=7622"}],"curies":[{"name":"wp","href":"https:\/\/api.w.org\/{rel}","templated":true}]}}