{"id":7620,"date":"2025-11-17T16:10:07","date_gmt":"2025-11-17T16:10:07","guid":{"rendered":"https:\/\/azoum.ca\/?page_id=7620"},"modified":"2025-11-22T21:10:24","modified_gmt":"2025-11-22T21:10:24","slug":"attracting-foreign-investors","status":"publish","type":"page","link":"https:\/\/azoum.ca\/fr\/services\/management-services\/attracting-foreign-investors\/","title":{"rendered":"Attirer les investisseurs \u00e9trangers"},"content":{"rendered":"<div class=\"wpb-content-wrapper\"><div class=\"vc_row wpb_row vc_row-fluid\">\n                                        <div class=\"gf-row-inner gf-container container\">\n                        <div class=\"wpb_column vc_column_container vc_col-sm-12\"><div class=\"vc_column-inner\"><div class=\"wpb_wrapper\"><div class=\"g5plus-space space-69e360d69a91c\" data-id=\"69e360d69a91c\" data-tablet=\"70\" data-tablet-portrait=\"60\" data-mobile=\"40\" data-mobile-landscape=\"50\" style=\"clear: both; display: block; height: 90px\"><\/div><\/div><\/div><\/div>\t\t\t\t\t\t\t<\/div>\n\t\t\t\n\t\t<\/div>\n\t\t<div class=\"vc_row wpb_row vc_row-fluid\">\n                                        <div class=\"gf-row-inner gf-container container\">\n                        <div class=\"wpb_column vc_column_container vc_col-sm-6\"><div class=\"vc_column-inner\"><div class=\"wpb_wrapper\">\n\t<div class=\"wpb_text_column wpb_content_element\" >\n\t\t<div class=\"wpb_wrapper\">\n\t\t\t<p>Du point de vue des investisseurs, investir \u00e0 l'\u00e9tranger comporte certains risques suppl\u00e9mentaires qui doivent \u00eatre pris en compte au pr\u00e9alable, notamment :<\/p>\n<ul>\n<li>La m\u00e9connaissance du march\u00e9<\/li>\n<li>Les l\u00e9gislations<\/li>\n<li>Les syst\u00e8mes fiscaux<\/li>\n<\/ul>\n<p>Afin d'augmenter les chances d'attirer l'int\u00e9r\u00eat des investisseurs \u00e9trangers, nous aidons les organisations \u00e0 traiter les principaux points susmentionn\u00e9s et \u00e0 positionner strat\u00e9giquement leur entreprise.<\/p>\n\n\t\t<\/div>\n\t<\/div>\n<\/div><\/div><\/div><div class=\"wpb_column vc_column_container vc_col-sm-6\"><div class=\"vc_column-inner\"><div class=\"wpb_wrapper\">\n\t<div  class=\"wpb_single_image wpb_content_element vc_align_left wpb_content_element\">\n\t\t\n\t\t<figure class=\"wpb_wrapper vc_figure\">\n\t\t\t<div class=\"vc_single_image-wrapper   vc_box_border_grey\"><img loading=\"lazy\" decoding=\"async\" width=\"1920\" height=\"1080\" src=\"https:\/\/azoum.ca\/wp-content\/uploads\/2025\/11\/adolfo-felix-Yi9-QIObQ1o-unsplash-1080p.jpg\" class=\"vc_single_image-img attachment-full\" alt=\"\" title=\"adolfo-felix-Yi9-QIObQ1o-unsplash 1080p\" srcset=\"https:\/\/azoum.ca\/wp-content\/uploads\/2025\/11\/adolfo-felix-Yi9-QIObQ1o-unsplash-1080p.jpg 1920w, https:\/\/azoum.ca\/wp-content\/uploads\/2025\/11\/adolfo-felix-Yi9-QIObQ1o-unsplash-1080p-300x169.jpg 300w, https:\/\/azoum.ca\/wp-content\/uploads\/2025\/11\/adolfo-felix-Yi9-QIObQ1o-unsplash-1080p-1024x576.jpg 1024w, https:\/\/azoum.ca\/wp-content\/uploads\/2025\/11\/adolfo-felix-Yi9-QIObQ1o-unsplash-1080p-768x432.jpg 768w, https:\/\/azoum.ca\/wp-content\/uploads\/2025\/11\/adolfo-felix-Yi9-QIObQ1o-unsplash-1080p-1536x864.jpg 1536w\" sizes=\"auto, (max-width: 1920px) 100vw, 1920px\" \/><\/div>\n\t\t<\/figure>\n\t<\/div>\n<\/div><\/div><\/div>\t\t\t\t\t\t\t<\/div>\n\t\t\t\n\t\t<\/div>\n\t\t<div class=\"vc_row wpb_row vc_row-fluid\">\n                                        <div class=\"gf-row-inner gf-container container\">\n                        <div class=\"wpb_column vc_column_container vc_col-sm-12\"><div class=\"vc_column-inner\"><div class=\"wpb_wrapper\"><div class=\"g5plus-space space-69e360d69c19a\" data-id=\"69e360d69c19a\" data-tablet=\"70\" data-tablet-portrait=\"60\" data-mobile=\"40\" data-mobile-landscape=\"50\" style=\"clear: both; display: block; height: 90px\"><\/div><\/div><\/div><\/div>\t\t\t\t\t\t\t<\/div>\n\t\t\t\n\t\t<\/div>\n<\/div>","protected":false},"excerpt":{"rendered":"From the investor perspective, investing overseas assumes certain additional risks which must be addressed beforehand, some of them include: Unfamiliarity with the market Legislations Tax systems To increase the chances of attracting a foreign investor interest, we help organizations address the above major areas and help position your business strategically.","protected":false},"author":2,"featured_media":0,"parent":7626,"menu_order":0,"comment_status":"closed","ping_status":"closed","template":"","meta":{"footnotes":""},"class_list":["post-7620","page","type-page","status-publish","hentry"],"_links":{"self":[{"href":"https:\/\/azoum.ca\/fr\/wp-json\/wp\/v2\/pages\/7620","targetHints":{"allow":["GET"]}}],"collection":[{"href":"https:\/\/azoum.ca\/fr\/wp-json\/wp\/v2\/pages"}],"about":[{"href":"https:\/\/azoum.ca\/fr\/wp-json\/wp\/v2\/types\/page"}],"author":[{"embeddable":true,"href":"https:\/\/azoum.ca\/fr\/wp-json\/wp\/v2\/users\/2"}],"replies":[{"embeddable":true,"href":"https:\/\/azoum.ca\/fr\/wp-json\/wp\/v2\/comments?post=7620"}],"version-history":[{"count":5,"href":"https:\/\/azoum.ca\/fr\/wp-json\/wp\/v2\/pages\/7620\/revisions"}],"predecessor-version":[{"id":7820,"href":"https:\/\/azoum.ca\/fr\/wp-json\/wp\/v2\/pages\/7620\/revisions\/7820"}],"up":[{"embeddable":true,"href":"https:\/\/azoum.ca\/fr\/wp-json\/wp\/v2\/pages\/7626"}],"wp:attachment":[{"href":"https:\/\/azoum.ca\/fr\/wp-json\/wp\/v2\/media?parent=7620"}],"curies":[{"name":"wp","href":"https:\/\/api.w.org\/{rel}","templated":true}]}}