{"id":7616,"date":"2025-11-17T16:08:53","date_gmt":"2025-11-17T16:08:53","guid":{"rendered":"https:\/\/azoum.ca\/?page_id=7616"},"modified":"2025-11-22T21:09:10","modified_gmt":"2025-11-22T21:09:10","slug":"strategic-planning","status":"publish","type":"page","link":"https:\/\/azoum.ca\/fr\/services\/management-services\/strategic-planning\/","title":{"rendered":"Planification strat\u00e9gique"},"content":{"rendered":"<div class=\"wpb-content-wrapper\"><div class=\"vc_row wpb_row vc_row-fluid\">\n                                        <div class=\"gf-row-inner gf-container container\">\n                        <div class=\"wpb_column vc_column_container vc_col-sm-12\"><div class=\"vc_column-inner\"><div class=\"wpb_wrapper\"><div class=\"g5plus-space space-69d0490fe3aeb\" data-id=\"69d0490fe3aeb\" data-tablet=\"70\" data-tablet-portrait=\"60\" data-mobile=\"40\" data-mobile-landscape=\"50\" style=\"clear: both; display: block; height: 90px\"><\/div><\/div><\/div><\/div>\t\t\t\t\t\t\t<\/div>\n\t\t\t\n\t\t<\/div>\n\t\t<div class=\"vc_row wpb_row vc_row-fluid\">\n                                        <div class=\"gf-row-inner gf-container container\">\n                        <div class=\"wpb_column vc_column_container vc_col-sm-6\"><div class=\"vc_column-inner\"><div class=\"wpb_wrapper\">\n\t<div class=\"wpb_text_column wpb_content_element\" >\n\t\t<div class=\"wpb_wrapper\">\n\t\t\t<p>Le pouvoir de la planification strat\u00e9gique<\/p>\n<p>Un plan strat\u00e9gique peut mener votre entreprise vers des horizons que vous n'auriez jamais cru possibles. Il vous aidera \u00e0 maintenir votre entreprise sur la bonne voie et \u00e0 rester concentr\u00e9 sur l'avenir. Si vous ne l'avez pas encore fait, contactez-nous et nous \u00e9laborerons un plan strat\u00e9gique pour vous.<\/p>\n<p>Il est difficile d'accomplir quoi que ce soit sans plan. Qu'il s'agisse d'apprendre, d'entra\u00eener un club de football, de cuisiner ou de g\u00e9rer un petit kiosque, vous avez besoin d'un plan strat\u00e9gique.<\/p>\n<p>Un plan strat\u00e9gique examine tout ce que votre entreprise pourrait faire et se concentre sur ce qu'elle sait r\u00e9ellement bien faire. Un plan strat\u00e9gique aide \u00e9galement les dirigeants d'entreprise \u00e0 d\u00e9terminer o\u00f9 investir leur temps, leur capital humain et leur argent.<\/p>\n<p>Mais comment les entreprises doivent-elles aborder la planification strat\u00e9gique ? Il existe des centaines d'ouvrages consacr\u00e9s \u00e0 ce sujet. Nous en avons lu la plupart. Les autres sont sur notre \u00e9tag\u00e8re, juste pour faire joli.<\/p>\n\n\t\t<\/div>\n\t<\/div>\n<\/div><\/div><\/div><div class=\"wpb_column vc_column_container vc_col-sm-6\"><div class=\"vc_column-inner\"><div class=\"wpb_wrapper\">\n\t<div  class=\"wpb_single_image wpb_content_element vc_align_left wpb_content_element\">\n\t\t\n\t\t<figure class=\"wpb_wrapper vc_figure\">\n\t\t\t<div class=\"vc_single_image-wrapper   vc_box_border_grey\"><img loading=\"lazy\" decoding=\"async\" width=\"1920\" height=\"1080\" src=\"https:\/\/azoum.ca\/wp-content\/uploads\/2025\/11\/rc-xyz-nft-gallery-w9coDxtsfts-unsplash-1080p.jpg\" class=\"vc_single_image-img attachment-full\" alt=\"\" title=\"rc-xyz-nft-gallery-w9coDxtsfts-unsplash 1080p\" srcset=\"https:\/\/azoum.ca\/wp-content\/uploads\/2025\/11\/rc-xyz-nft-gallery-w9coDxtsfts-unsplash-1080p.jpg 1920w, https:\/\/azoum.ca\/wp-content\/uploads\/2025\/11\/rc-xyz-nft-gallery-w9coDxtsfts-unsplash-1080p-300x169.jpg 300w, https:\/\/azoum.ca\/wp-content\/uploads\/2025\/11\/rc-xyz-nft-gallery-w9coDxtsfts-unsplash-1080p-1024x576.jpg 1024w, https:\/\/azoum.ca\/wp-content\/uploads\/2025\/11\/rc-xyz-nft-gallery-w9coDxtsfts-unsplash-1080p-768x432.jpg 768w, https:\/\/azoum.ca\/wp-content\/uploads\/2025\/11\/rc-xyz-nft-gallery-w9coDxtsfts-unsplash-1080p-1536x864.jpg 1536w\" sizes=\"auto, (max-width: 1920px) 100vw, 1920px\" \/><\/div>\n\t\t<\/figure>\n\t<\/div>\n<\/div><\/div><\/div>\t\t\t\t\t\t\t<\/div>\n\t\t\t\n\t\t<\/div>\n\t\t<div class=\"vc_row wpb_row vc_row-fluid\">\n                                        <div class=\"gf-row-inner gf-container container\">\n                        <div class=\"wpb_column vc_column_container vc_col-sm-12\"><div class=\"vc_column-inner\"><div class=\"wpb_wrapper\"><div class=\"g5plus-space space-69d0490fe505c\" data-id=\"69d0490fe505c\" data-tablet=\"70\" data-tablet-portrait=\"60\" data-mobile=\"40\" data-mobile-landscape=\"50\" style=\"clear: both; display: block; height: 90px\"><\/div><\/div><\/div><\/div>\t\t\t\t\t\t\t<\/div>\n\t\t\t\n\t\t<\/div>\n<\/div>","protected":false},"excerpt":{"rendered":"Power of Strategic planning A strategic plan can take your business to places you never thought possible. It will help keep your business on track and you focused on the future. If you haven\u2019t already done so, talk to us we will lay out a strategic plan for you. It\u2019s hard to accomplish anything without [...]","protected":false},"author":2,"featured_media":0,"parent":7626,"menu_order":0,"comment_status":"closed","ping_status":"closed","template":"","meta":{"footnotes":""},"class_list":["post-7616","page","type-page","status-publish","hentry"],"_links":{"self":[{"href":"https:\/\/azoum.ca\/fr\/wp-json\/wp\/v2\/pages\/7616","targetHints":{"allow":["GET"]}}],"collection":[{"href":"https:\/\/azoum.ca\/fr\/wp-json\/wp\/v2\/pages"}],"about":[{"href":"https:\/\/azoum.ca\/fr\/wp-json\/wp\/v2\/types\/page"}],"author":[{"embeddable":true,"href":"https:\/\/azoum.ca\/fr\/wp-json\/wp\/v2\/users\/2"}],"replies":[{"embeddable":true,"href":"https:\/\/azoum.ca\/fr\/wp-json\/wp\/v2\/comments?post=7616"}],"version-history":[{"count":7,"href":"https:\/\/azoum.ca\/fr\/wp-json\/wp\/v2\/pages\/7616\/revisions"}],"predecessor-version":[{"id":7813,"href":"https:\/\/azoum.ca\/fr\/wp-json\/wp\/v2\/pages\/7616\/revisions\/7813"}],"up":[{"embeddable":true,"href":"https:\/\/azoum.ca\/fr\/wp-json\/wp\/v2\/pages\/7626"}],"wp:attachment":[{"href":"https:\/\/azoum.ca\/fr\/wp-json\/wp\/v2\/media?parent=7616"}],"curies":[{"name":"wp","href":"https:\/\/api.w.org\/{rel}","templated":true}]}}