{"id":7614,"date":"2025-11-17T16:08:09","date_gmt":"2025-11-17T16:08:09","guid":{"rendered":"https:\/\/azoum.ca\/?page_id=7614"},"modified":"2025-11-22T21:10:09","modified_gmt":"2025-11-22T21:10:09","slug":"market-analysis-research","status":"publish","type":"page","link":"https:\/\/azoum.ca\/fr\/services\/management-services\/market-analysis-research\/","title":{"rendered":"Analyse et \u00e9tude de march\u00e9"},"content":{"rendered":"<div class=\"wpb-content-wrapper\"><div class=\"vc_row wpb_row vc_row-fluid\">\n                                        <div class=\"gf-row-inner gf-container container\">\n                        <div class=\"wpb_column vc_column_container vc_col-sm-12\"><div class=\"vc_column-inner\"><div class=\"wpb_wrapper\"><div class=\"g5plus-space space-69e74a91d87b7\" data-id=\"69e74a91d87b7\" data-tablet=\"70\" data-tablet-portrait=\"60\" data-mobile=\"40\" data-mobile-landscape=\"50\" style=\"clear: both; display: block; height: 90px\"><\/div><\/div><\/div><\/div>\t\t\t\t\t\t\t<\/div>\n\t\t\t\n\t\t<\/div>\n\t\t<div class=\"vc_row wpb_row vc_row-fluid\">\n                                        <div class=\"gf-row-inner gf-container container\">\n                        <div class=\"wpb_column vc_column_container vc_col-sm-6\"><div class=\"vc_column-inner\"><div class=\"wpb_wrapper\">\n\t<div class=\"wpb_text_column wpb_content_element\" >\n\t\t<div class=\"wpb_wrapper\">\n\t\t\t<p>Disposer d'informations pr\u00e9cises et compl\u00e8tes est la base de toute entreprise commerciale r\u00e9ussie, car cela fournit une mine d'informations sur les clients potentiels et existants, la concurrence et le secteur en g\u00e9n\u00e9ral. Ces informations sont essentielles pour les investisseurs et les chefs d'entreprise afin de d\u00e9terminer la viabilit\u00e9 d'un investissement avant d'engager des ressources.<\/p>\n<p>Nos services d'analyse et de recherche de march\u00e9 fournissent les donn\u00e9es pertinentes pour aider \u00e0 prendre des d\u00e9cisions \u00e9clair\u00e9es et \u00e0 relever les d\u00e9fis marketing auxquels une entreprise sera tr\u00e8s probablement confront\u00e9e, ce qui est un \u00e9l\u00e9ment cl\u00e9 du processus de planification commerciale.<\/p>\n<p>Gr\u00e2ce \u00e0 nos recherches, nous aidons les entreprises \u00e0 prendre des d\u00e9cisions objectives sur les strat\u00e9gies marketing cl\u00e9s :<\/p>\n<ul>\n<li>Segmentation du march\u00e9<\/li>\n<li>Diff\u00e9renciation des produits<\/li>\n<\/ul>\n<p>Il s'agit l\u00e0 de domaines cl\u00e9s pour d\u00e9terminer le march\u00e9 cible et cr\u00e9er une identit\u00e9 pour un produit ou un service qui le distingue de ceux de ses concurrents.<\/p>\n<p>Nous menons nos recherches dans un large \u00e9ventail de domaines afin de garantir l'obtention de donn\u00e9es fiables qui refl\u00e8tent fid\u00e8lement l'environnement commercial. Voici quelques-unes de nos sources :<\/p>\n<ul>\n<li>Enqu\u00eates de groupe<\/li>\n<li>Entretiens approfondis<\/li>\n<li>Sources publiques \u2013 telles que les minist\u00e8res, les biblioth\u00e8ques publiques, les d\u00e9partements commerciaux, etc.<\/li>\n<li>Sources commerciales \u2013 associations de recherche et de commerce<\/li>\n<li>Sources \u00e9ducatives \u2013 universit\u00e9s et instituts de recherche pour l'enseignement sup\u00e9rieur.<\/li>\n<\/ul>\n\n\t\t<\/div>\n\t<\/div>\n<\/div><\/div><\/div><div class=\"wpb_column vc_column_container vc_col-sm-6\"><div class=\"vc_column-inner\"><div class=\"wpb_wrapper\">\n\t<div  class=\"wpb_single_image wpb_content_element vc_align_left wpb_content_element\">\n\t\t\n\t\t<figure class=\"wpb_wrapper vc_figure\">\n\t\t\t<div class=\"vc_single_image-wrapper   vc_box_border_grey\"><img loading=\"lazy\" decoding=\"async\" width=\"1920\" height=\"1080\" src=\"https:\/\/azoum.ca\/wp-content\/uploads\/2025\/11\/anastassia-anufrieva-3yb7ZsaY0LY-unsplash-1080p.jpg\" class=\"vc_single_image-img attachment-full\" alt=\"\" title=\"anastassia-anufrieva-3yb7ZsaY0LY-unsplash 1080p\" srcset=\"https:\/\/azoum.ca\/wp-content\/uploads\/2025\/11\/anastassia-anufrieva-3yb7ZsaY0LY-unsplash-1080p.jpg 1920w, https:\/\/azoum.ca\/wp-content\/uploads\/2025\/11\/anastassia-anufrieva-3yb7ZsaY0LY-unsplash-1080p-300x169.jpg 300w, https:\/\/azoum.ca\/wp-content\/uploads\/2025\/11\/anastassia-anufrieva-3yb7ZsaY0LY-unsplash-1080p-1024x576.jpg 1024w, https:\/\/azoum.ca\/wp-content\/uploads\/2025\/11\/anastassia-anufrieva-3yb7ZsaY0LY-unsplash-1080p-768x432.jpg 768w, https:\/\/azoum.ca\/wp-content\/uploads\/2025\/11\/anastassia-anufrieva-3yb7ZsaY0LY-unsplash-1080p-1536x864.jpg 1536w\" sizes=\"auto, (max-width: 1920px) 100vw, 1920px\" \/><\/div>\n\t\t<\/figure>\n\t<\/div>\n<\/div><\/div><\/div>\t\t\t\t\t\t\t<\/div>\n\t\t\t\n\t\t<\/div>\n\t\t<div class=\"vc_row wpb_row vc_row-fluid\">\n                                        <div class=\"gf-row-inner gf-container container\">\n                        <div class=\"wpb_column vc_column_container vc_col-sm-12\"><div class=\"vc_column-inner\"><div class=\"wpb_wrapper\"><div class=\"g5plus-space space-69e74a91d9765\" data-id=\"69e74a91d9765\" data-tablet=\"70\" data-tablet-portrait=\"60\" data-mobile=\"40\" data-mobile-landscape=\"50\" style=\"clear: both; display: block; height: 90px\"><\/div><\/div><\/div><\/div>\t\t\t\t\t\t\t<\/div>\n\t\t\t\n\t\t<\/div>\n<\/div>","protected":false},"excerpt":{"rendered":"Having accurate and comprehensive information is the foundation of all successful business ventures as it provides a wealth of information about potential and existing customers, the competition, and the industry in general. This information is key for investors and business owners to determine the viability of an investment before committing resources. Our Market Analysis and [...]","protected":false},"author":2,"featured_media":0,"parent":7626,"menu_order":0,"comment_status":"closed","ping_status":"closed","template":"","meta":{"footnotes":""},"class_list":["post-7614","page","type-page","status-publish","hentry"],"_links":{"self":[{"href":"https:\/\/azoum.ca\/fr\/wp-json\/wp\/v2\/pages\/7614","targetHints":{"allow":["GET"]}}],"collection":[{"href":"https:\/\/azoum.ca\/fr\/wp-json\/wp\/v2\/pages"}],"about":[{"href":"https:\/\/azoum.ca\/fr\/wp-json\/wp\/v2\/types\/page"}],"author":[{"embeddable":true,"href":"https:\/\/azoum.ca\/fr\/wp-json\/wp\/v2\/users\/2"}],"replies":[{"embeddable":true,"href":"https:\/\/azoum.ca\/fr\/wp-json\/wp\/v2\/comments?post=7614"}],"version-history":[{"count":5,"href":"https:\/\/azoum.ca\/fr\/wp-json\/wp\/v2\/pages\/7614\/revisions"}],"predecessor-version":[{"id":7819,"href":"https:\/\/azoum.ca\/fr\/wp-json\/wp\/v2\/pages\/7614\/revisions\/7819"}],"up":[{"embeddable":true,"href":"https:\/\/azoum.ca\/fr\/wp-json\/wp\/v2\/pages\/7626"}],"wp:attachment":[{"href":"https:\/\/azoum.ca\/fr\/wp-json\/wp\/v2\/media?parent=7614"}],"curies":[{"name":"wp","href":"https:\/\/api.w.org\/{rel}","templated":true}]}}