{"id":7494,"date":"2025-11-15T23:25:25","date_gmt":"2025-11-15T23:25:25","guid":{"rendered":"https:\/\/azoum.ca\/?page_id=7494"},"modified":"2025-11-24T14:09:15","modified_gmt":"2025-11-24T14:09:15","slug":"careers","status":"publish","type":"page","link":"https:\/\/azoum.ca\/fr\/careers\/","title":{"rendered":"Carri\u00e8res"},"content":{"rendered":"<div class=\"wpb-content-wrapper\">\t\t<div class=\"vc_row wpb_row vc_row-fluid\">\n                                        <div class=\"gf-row-inner gf-container container\">\n                        <div class=\"wpb_column vc_column_container vc_col-sm-12\"><div class=\"vc_column-inner\"><div class=\"wpb_wrapper\"><div class=\"g5plus-space space-69d062221465d\" data-id=\"69d062221465d\" data-tablet=\"90\" data-tablet-portrait=\"70\" data-mobile=\"50\" data-mobile-landscape=\"60\" style=\"clear: both; display: block; height: 110px\"><\/div>\n\t<div  class=\"wpb_single_image wpb_content_element vc_align_center wpb_content_element\">\n\t\t\n\t\t<figure class=\"wpb_wrapper vc_figure\">\n\t\t\t<div class=\"vc_single_image-wrapper   vc_box_border_grey\"><img loading=\"lazy\" decoding=\"async\" width=\"1024\" height=\"683\" src=\"https:\/\/azoum.ca\/wp-content\/uploads\/2025\/11\/anastassia-anufrieva-3yb7ZsaY0LY-unsplash-copy-1024x683.jpg\" class=\"vc_single_image-img attachment-large\" alt=\"\" title=\"anastassia-anufrieva-3yb7ZsaY0LY-unsplash copy\" srcset=\"https:\/\/azoum.ca\/wp-content\/uploads\/2025\/11\/anastassia-anufrieva-3yb7ZsaY0LY-unsplash-copy-1024x683.jpg 1024w, https:\/\/azoum.ca\/wp-content\/uploads\/2025\/11\/anastassia-anufrieva-3yb7ZsaY0LY-unsplash-copy-300x200.jpg 300w, https:\/\/azoum.ca\/wp-content\/uploads\/2025\/11\/anastassia-anufrieva-3yb7ZsaY0LY-unsplash-copy-768x512.jpg 768w, https:\/\/azoum.ca\/wp-content\/uploads\/2025\/11\/anastassia-anufrieva-3yb7ZsaY0LY-unsplash-copy-1536x1024.jpg 1536w, https:\/\/azoum.ca\/wp-content\/uploads\/2025\/11\/anastassia-anufrieva-3yb7ZsaY0LY-unsplash-copy-2048x1365.jpg 2048w\" sizes=\"auto, (max-width: 1024px) 100vw, 1024px\" \/><\/div>\n\t\t<\/figure>\n\t<\/div>\n<div class=\"g5plus-space space-69d0622214dd6\" data-id=\"69d0622214dd6\" data-tablet=\"70\" data-tablet-portrait=\"60\" data-mobile=\"40\" data-mobile-landscape=\"50\" style=\"clear: both; display: block; height: 90px\"><\/div>\n\t<div class=\"wpb_text_column wpb_content_element\" >\n\t\t<div class=\"wpb_wrapper\">\n\t\t\t<p style=\"text-align: center;\">Nous sommes toujours \u00e0 la recherche de personnes motiv\u00e9es et talentueuses, passionn\u00e9es par la gestion d'entreprise, pour rejoindre notre \u00e9quipe gagnante.<\/p>\n<p style=\"text-align: center;\">Nous n'avons actuellement aucun poste vacant \u00e0 pourvoir.<\/p>\n<p style=\"text-align: center;\">Si vous croyez au succ\u00e8s et que vous \u00eates passionn\u00e9 par la croissance et l'expansion des entreprises, continuez \u00e0 consulter cette page pour d\u00e9couvrir les nouvelles opportunit\u00e9s.<\/p>\n\n\t\t<\/div>\n\t<\/div>\n<\/div><\/div><\/div><div class=\"wpb_column vc_column_container vc_col-sm-12\"><div class=\"vc_column-inner\"><div class=\"wpb_wrapper\"><div class=\"g5plus-space space-69d06222151e2\" data-id=\"69d06222151e2\" data-tablet=\"100\" data-tablet-portrait=\"80\" data-mobile=\"60\" data-mobile-landscape=\"70\" style=\"clear: both; display: block; height: 120px\"><\/div><\/div><\/div><\/div>\t\t\t\t\t\t\t<\/div>\n\t\t\t\n\t\t<\/div>\n\n<\/div>","protected":false},"excerpt":{"rendered":"We are always looking for highly motivated and talented individuals with a passion for business management to join our winning team. We currently do not have any vacant opportunities to fill. If you believe in success and are passionate about seeing businesses grow and expand, please keep on checking this page for emerging opportunities.","protected":false},"author":3,"featured_media":0,"parent":0,"menu_order":0,"comment_status":"closed","ping_status":"closed","template":"","meta":{"footnotes":""},"class_list":["post-7494","page","type-page","status-publish","hentry"],"_links":{"self":[{"href":"https:\/\/azoum.ca\/fr\/wp-json\/wp\/v2\/pages\/7494","targetHints":{"allow":["GET"]}}],"collection":[{"href":"https:\/\/azoum.ca\/fr\/wp-json\/wp\/v2\/pages"}],"about":[{"href":"https:\/\/azoum.ca\/fr\/wp-json\/wp\/v2\/types\/page"}],"author":[{"embeddable":true,"href":"https:\/\/azoum.ca\/fr\/wp-json\/wp\/v2\/users\/3"}],"replies":[{"embeddable":true,"href":"https:\/\/azoum.ca\/fr\/wp-json\/wp\/v2\/comments?post=7494"}],"version-history":[{"count":30,"href":"https:\/\/azoum.ca\/fr\/wp-json\/wp\/v2\/pages\/7494\/revisions"}],"predecessor-version":[{"id":7941,"href":"https:\/\/azoum.ca\/fr\/wp-json\/wp\/v2\/pages\/7494\/revisions\/7941"}],"wp:attachment":[{"href":"https:\/\/azoum.ca\/fr\/wp-json\/wp\/v2\/media?parent=7494"}],"curies":[{"name":"wp","href":"https:\/\/api.w.org\/{rel}","templated":true}]}}